{"id":5127,"date":"2022-11-03T08:28:49","date_gmt":"2022-11-03T08:28:49","guid":{"rendered":"https:\/\/www.mc-expatriation.com\/?page_id=5127"},"modified":"2023-11-14T10:46:41","modified_gmt":"2023-11-14T10:46:41","slug":"conserjeria","status":"publish","type":"page","link":"https:\/\/www.mc-expatriation.com\/es\/vivir-en-andorra\/servicios-personales\/conserjeria\/","title":{"rendered":"Viva mejor en Andorra gracias a los servicios de conserjer\u00eda"},"content":{"rendered":"\n<p><strong>Las rutinas diarias no siempre son f\u00e1ciles. Menos a\u00fan en un pa\u00eds nuevo en el que a\u00fan est\u00e1 en fase de descubrimiento y orientaci\u00f3n. Los servicios de conserjer\u00eda pueden ayudarle a\u00a0 para paliar esta situaci\u00f3n y llevar una vida serena una vez instalado en Andorra<\/strong>.<\/p>\n\n\n\n<h2 class=\"wp-block-heading\" id=\"h-en-que-consisten-realmente-los-servicios-de-conserjeria\">\u00bfEn qu\u00e9 consisten realmente los servicios de conserjer\u00eda?<\/h2>\n\n\n\n<p>Un servicio de conserjer\u00eda ofrece asistencia personal a los expatriados que han venido a vivir a Andorra. Su objetivo es ocuparse de diversas cuestiones relacionadas con la vida cotidiana. Le liberar\u00e1 de muchas tareas pesadas del d\u00eda a d\u00eda.<\/p>\n\n\n\n<p>En el caso de los servicios VIP, puede incluso encargarse del alquiler de jets privados, de reservar hoteles o restaurantes y de la concertaci\u00f3n de citas con diversos proveedores de servicios (salones de belleza, centros de salud, instituciones administrativas o jur\u00eddicas, etc.).<\/p>\n\n\n\n<h3 class=\"wp-block-heading\" id=\"h-algunos-ejemplos-de-servicios-de-conserjeria-ofrecidos-por-nuestra-gestoria\">Algunos ejemplos de servicios de conserjer\u00eda ofrecidos por nuestra Gestor\u00eda<\/h3>\n\n\n\n<div class=\"wp-block-media-text is-stacked-on-mobile\"><figure class=\"wp-block-media-text__media\"><img loading=\"lazy\" decoding=\"async\" width=\"688\" height=\"660\" src=\"https:\/\/www.mc-expatriation.com\/wp-content\/uploads\/2023\/11\/Entretien-maison.jpg\" alt=\"Entretien maison\" class=\"wp-image-5113 size-full\" srcset=\"https:\/\/www.mc-expatriation.com\/wp-content\/uploads\/2023\/11\/Entretien-maison.jpg 688w, https:\/\/www.mc-expatriation.com\/wp-content\/uploads\/2023\/11\/Entretien-maison-300x288.jpg 300w\" sizes=\"auto, (max-width: 688px) 100vw, 688px\" \/><\/figure><div class=\"wp-block-media-text__content\">\n<p>Para hacerse una idea de las prestaciones que puede ofrecer un servicio de conserjer\u00eda, mencionaremos algunos ejemplos. Este equipo puede proporcionar a sus expatriados agentes cualificados para:&nbsp;<\/p>\n\n\n\n<ul class=\"wp-block-list\">\n<li>Mantenimiento de la casa,&nbsp;<\/li>\n\n\n\n<li>Cuidado de mascotas,&nbsp;<\/li>\n\n\n\n<li>Mantenimiento del jard\u00edn,&nbsp;<\/li>\n\n\n\n<li>Trabajos de bricolaje,&nbsp;<\/li>\n\n\n\n<li>Concertaci\u00f3n de citas con estos profesionales,&nbsp;<\/li>\n\n\n\n<li>Compras,&nbsp;<\/li>\n\n\n\n<li>Servicios de catering a domicilio,&nbsp;<\/li>\n\n\n\n<li>Gesti\u00f3n de diversas suscripciones (internet, electricidad, etc.),&nbsp;<\/li>\n\n\n\n<li>Representarles en las reuniones de la comunidad de vecinos.&nbsp;<\/li>\n<\/ul>\n\n\n\n<p>Su vida diaria s\u00f3lo puede ser m\u00e1s f\u00e1cil si recurre a los servicios de un conserjer\u00eda.<\/p>\n<\/div><\/div>\n","protected":false},"excerpt":{"rendered":"<p>Las rutinas diarias no siempre son f\u00e1ciles. Menos a\u00fan en un pa\u00eds nuevo en el que a\u00fan est\u00e1 en fase de descubrimiento y orientaci\u00f3n. Los servicios de conserjer\u00eda pueden ayudarle a\u00a0 para paliar esta situaci\u00f3n y llevar una vida serena una vez instalado en Andorra. \u00bfEn qu\u00e9 consisten realmente los servicios de conserjer\u00eda? Un servicio [&hellip;]<\/p>\n","protected":false},"author":1,"featured_media":5110,"parent":5064,"menu_order":0,"comment_status":"closed","ping_status":"closed","template":"niveau-3.php","meta":{"_acf_changed":false,"footnotes":""},"class_list":["post-5127","page","type-page","status-publish","has-post-thumbnail","hentry"],"acf":[],"yoast_head":"<!-- This site is optimized with the Yoast SEO Premium plugin v25.8 (Yoast SEO v27.3) - https:\/\/yoast.com\/product\/yoast-seo-premium-wordpress\/ -->\n<title>Viva mejor en Andorra gracias a los servicios de conserjer\u00eda<\/title>\n<meta name=\"robots\" content=\"index, follow, max-snippet:-1, max-image-preview:large, max-video-preview:-1\" \/>\n<link rel=\"canonical\" href=\"https:\/\/www.mc-expatriation.com\/es\/vivir-en-andorra\/servicios-personales\/conserjeria\/\" \/>\n<meta property=\"og:locale\" content=\"es_ES\" \/>\n<meta property=\"og:type\" content=\"article\" \/>\n<meta property=\"og:title\" content=\"Viva mejor en Andorra gracias a los servicios de conserjer\u00eda\" \/>\n<meta property=\"og:description\" content=\"Las rutinas diarias no siempre son f\u00e1ciles. Menos a\u00fan en un pa\u00eds nuevo en el que a\u00fan est\u00e1 en fase de descubrimiento y orientaci\u00f3n. Los servicios de conserjer\u00eda pueden ayudarle a\u00a0 para paliar esta situaci\u00f3n y llevar una vida serena una vez instalado en Andorra. \u00bfEn qu\u00e9 consisten realmente los servicios de conserjer\u00eda? Un servicio [&hellip;]\" \/>\n<meta property=\"og:url\" content=\"https:\/\/www.mc-expatriation.com\/es\/vivir-en-andorra\/servicios-personales\/conserjeria\/\" \/>\n<meta property=\"og:site_name\" content=\"MC Expatriation\" \/>\n<meta property=\"article:modified_time\" content=\"2023-11-14T10:46:41+00:00\" \/>\n<meta property=\"og:image\" content=\"https:\/\/www.mc-expatriation.com\/wp-content\/uploads\/2023\/11\/service-conciergerie.jpg\" \/>\n\t<meta property=\"og:image:width\" content=\"1200\" \/>\n\t<meta property=\"og:image:height\" content=\"800\" \/>\n\t<meta property=\"og:image:type\" content=\"image\/jpeg\" \/>\n<meta name=\"twitter:card\" content=\"summary_large_image\" \/>\n<meta name=\"twitter:label1\" content=\"Tiempo de lectura\" \/>\n\t<meta name=\"twitter:data1\" content=\"2 minutos\" \/>\n<script type=\"application\/ld+json\" class=\"yoast-schema-graph\">{\"@context\":\"https:\\\/\\\/schema.org\",\"@graph\":[{\"@type\":\"WebPage\",\"@id\":\"https:\\\/\\\/www.mc-expatriation.com\\\/es\\\/vivir-en-andorra\\\/servicios-personales\\\/conserjeria\\\/\",\"url\":\"https:\\\/\\\/www.mc-expatriation.com\\\/es\\\/vivir-en-andorra\\\/servicios-personales\\\/conserjeria\\\/\",\"name\":\"Viva mejor en Andorra gracias a los servicios de conserjer\u00eda\",\"isPartOf\":{\"@id\":\"https:\\\/\\\/www.mc-expatriation.com\\\/#website\"},\"primaryImageOfPage\":{\"@id\":\"https:\\\/\\\/www.mc-expatriation.com\\\/es\\\/vivir-en-andorra\\\/servicios-personales\\\/conserjeria\\\/#primaryimage\"},\"image\":{\"@id\":\"https:\\\/\\\/www.mc-expatriation.com\\\/es\\\/vivir-en-andorra\\\/servicios-personales\\\/conserjeria\\\/#primaryimage\"},\"thumbnailUrl\":\"https:\\\/\\\/www.mc-expatriation.com\\\/wp-content\\\/uploads\\\/2023\\\/11\\\/service-conciergerie.jpg\",\"datePublished\":\"2022-11-03T08:28:49+00:00\",\"dateModified\":\"2023-11-14T10:46:41+00:00\",\"breadcrumb\":{\"@id\":\"https:\\\/\\\/www.mc-expatriation.com\\\/es\\\/vivir-en-andorra\\\/servicios-personales\\\/conserjeria\\\/#breadcrumb\"},\"inLanguage\":\"es\",\"potentialAction\":[{\"@type\":\"ReadAction\",\"target\":[\"https:\\\/\\\/www.mc-expatriation.com\\\/es\\\/vivir-en-andorra\\\/servicios-personales\\\/conserjeria\\\/\"]}]},{\"@type\":\"ImageObject\",\"inLanguage\":\"es\",\"@id\":\"https:\\\/\\\/www.mc-expatriation.com\\\/es\\\/vivir-en-andorra\\\/servicios-personales\\\/conserjeria\\\/#primaryimage\",\"url\":\"https:\\\/\\\/www.mc-expatriation.com\\\/wp-content\\\/uploads\\\/2023\\\/11\\\/service-conciergerie.jpg\",\"contentUrl\":\"https:\\\/\\\/www.mc-expatriation.com\\\/wp-content\\\/uploads\\\/2023\\\/11\\\/service-conciergerie.jpg\",\"width\":1200,\"height\":800,\"caption\":\"service conciergerie\"},{\"@type\":\"BreadcrumbList\",\"@id\":\"https:\\\/\\\/www.mc-expatriation.com\\\/es\\\/vivir-en-andorra\\\/servicios-personales\\\/conserjeria\\\/#breadcrumb\",\"itemListElement\":[{\"@type\":\"ListItem\",\"position\":1,\"name\":\"Home\",\"item\":\"https:\\\/\\\/www.mc-expatriation.com\\\/es\\\/\"},{\"@type\":\"ListItem\",\"position\":2,\"name\":\"Vivir en Andorra: coste de la vida, inmigraci\u00f3n, seguridad y diversas informaciones necesarias\",\"item\":\"https:\\\/\\\/www.mc-expatriation.com\\\/es\\\/vivir-en-andorra\\\/\"},{\"@type\":\"ListItem\",\"position\":3,\"name\":\"Servicios personales en Andorra: la intervenci\u00f3n de nuestra gestor\u00eda\",\"item\":\"https:\\\/\\\/www.mc-expatriation.com\\\/es\\\/vivir-en-andorra\\\/servicios-personales\\\/\"},{\"@type\":\"ListItem\",\"position\":4,\"name\":\"Viva mejor en Andorra gracias a los servicios de conserjer\u00eda\"}]},{\"@type\":\"WebSite\",\"@id\":\"https:\\\/\\\/www.mc-expatriation.com\\\/#website\",\"url\":\"https:\\\/\\\/www.mc-expatriation.com\\\/\",\"name\":\"MC Expatriation\",\"description\":\"\",\"publisher\":{\"@id\":\"https:\\\/\\\/www.mc-expatriation.com\\\/#organization\"},\"potentialAction\":[{\"@type\":\"SearchAction\",\"target\":{\"@type\":\"EntryPoint\",\"urlTemplate\":\"https:\\\/\\\/www.mc-expatriation.com\\\/?s={search_term_string}\"},\"query-input\":{\"@type\":\"PropertyValueSpecification\",\"valueRequired\":true,\"valueName\":\"search_term_string\"}}],\"inLanguage\":\"es\"},{\"@type\":\"Organization\",\"@id\":\"https:\\\/\\\/www.mc-expatriation.com\\\/#organization\",\"name\":\"MC Expatriation\",\"url\":\"https:\\\/\\\/www.mc-expatriation.com\\\/\",\"logo\":{\"@type\":\"ImageObject\",\"inLanguage\":\"es\",\"@id\":\"https:\\\/\\\/www.mc-expatriation.com\\\/#\\\/schema\\\/logo\\\/image\\\/\",\"url\":\"https:\\\/\\\/www.mc-expatriation.com\\\/wp-content\\\/uploads\\\/2022\\\/10\\\/logo.svg\",\"contentUrl\":\"https:\\\/\\\/www.mc-expatriation.com\\\/wp-content\\\/uploads\\\/2022\\\/10\\\/logo.svg\",\"caption\":\"MC Expatriation\"},\"image\":{\"@id\":\"https:\\\/\\\/www.mc-expatriation.com\\\/#\\\/schema\\\/logo\\\/image\\\/\"}}]}<\/script>\n<!-- \/ Yoast SEO Premium plugin. -->","yoast_head_json":{"title":"Viva mejor en Andorra gracias a los servicios de conserjer\u00eda","robots":{"index":"index","follow":"follow","max-snippet":"max-snippet:-1","max-image-preview":"max-image-preview:large","max-video-preview":"max-video-preview:-1"},"canonical":"https:\/\/www.mc-expatriation.com\/es\/vivir-en-andorra\/servicios-personales\/conserjeria\/","og_locale":"es_ES","og_type":"article","og_title":"Viva mejor en Andorra gracias a los servicios de conserjer\u00eda","og_description":"Las rutinas diarias no siempre son f\u00e1ciles. Menos a\u00fan en un pa\u00eds nuevo en el que a\u00fan est\u00e1 en fase de descubrimiento y orientaci\u00f3n. Los servicios de conserjer\u00eda pueden ayudarle a\u00a0 para paliar esta situaci\u00f3n y llevar una vida serena una vez instalado en Andorra. \u00bfEn qu\u00e9 consisten realmente los servicios de conserjer\u00eda? Un servicio [&hellip;]","og_url":"https:\/\/www.mc-expatriation.com\/es\/vivir-en-andorra\/servicios-personales\/conserjeria\/","og_site_name":"MC Expatriation","article_modified_time":"2023-11-14T10:46:41+00:00","og_image":[{"width":1200,"height":800,"url":"https:\/\/www.mc-expatriation.com\/wp-content\/uploads\/2023\/11\/service-conciergerie.jpg","type":"image\/jpeg"}],"twitter_card":"summary_large_image","twitter_misc":{"Tiempo de lectura":"2 minutos"},"schema":{"@context":"https:\/\/schema.org","@graph":[{"@type":"WebPage","@id":"https:\/\/www.mc-expatriation.com\/es\/vivir-en-andorra\/servicios-personales\/conserjeria\/","url":"https:\/\/www.mc-expatriation.com\/es\/vivir-en-andorra\/servicios-personales\/conserjeria\/","name":"Viva mejor en Andorra gracias a los servicios de conserjer\u00eda","isPartOf":{"@id":"https:\/\/www.mc-expatriation.com\/#website"},"primaryImageOfPage":{"@id":"https:\/\/www.mc-expatriation.com\/es\/vivir-en-andorra\/servicios-personales\/conserjeria\/#primaryimage"},"image":{"@id":"https:\/\/www.mc-expatriation.com\/es\/vivir-en-andorra\/servicios-personales\/conserjeria\/#primaryimage"},"thumbnailUrl":"https:\/\/www.mc-expatriation.com\/wp-content\/uploads\/2023\/11\/service-conciergerie.jpg","datePublished":"2022-11-03T08:28:49+00:00","dateModified":"2023-11-14T10:46:41+00:00","breadcrumb":{"@id":"https:\/\/www.mc-expatriation.com\/es\/vivir-en-andorra\/servicios-personales\/conserjeria\/#breadcrumb"},"inLanguage":"es","potentialAction":[{"@type":"ReadAction","target":["https:\/\/www.mc-expatriation.com\/es\/vivir-en-andorra\/servicios-personales\/conserjeria\/"]}]},{"@type":"ImageObject","inLanguage":"es","@id":"https:\/\/www.mc-expatriation.com\/es\/vivir-en-andorra\/servicios-personales\/conserjeria\/#primaryimage","url":"https:\/\/www.mc-expatriation.com\/wp-content\/uploads\/2023\/11\/service-conciergerie.jpg","contentUrl":"https:\/\/www.mc-expatriation.com\/wp-content\/uploads\/2023\/11\/service-conciergerie.jpg","width":1200,"height":800,"caption":"service conciergerie"},{"@type":"BreadcrumbList","@id":"https:\/\/www.mc-expatriation.com\/es\/vivir-en-andorra\/servicios-personales\/conserjeria\/#breadcrumb","itemListElement":[{"@type":"ListItem","position":1,"name":"Home","item":"https:\/\/www.mc-expatriation.com\/es\/"},{"@type":"ListItem","position":2,"name":"Vivir en Andorra: coste de la vida, inmigraci\u00f3n, seguridad y diversas informaciones necesarias","item":"https:\/\/www.mc-expatriation.com\/es\/vivir-en-andorra\/"},{"@type":"ListItem","position":3,"name":"Servicios personales en Andorra: la intervenci\u00f3n de nuestra gestor\u00eda","item":"https:\/\/www.mc-expatriation.com\/es\/vivir-en-andorra\/servicios-personales\/"},{"@type":"ListItem","position":4,"name":"Viva mejor en Andorra gracias a los servicios de conserjer\u00eda"}]},{"@type":"WebSite","@id":"https:\/\/www.mc-expatriation.com\/#website","url":"https:\/\/www.mc-expatriation.com\/","name":"MC Expatriation","description":"","publisher":{"@id":"https:\/\/www.mc-expatriation.com\/#organization"},"potentialAction":[{"@type":"SearchAction","target":{"@type":"EntryPoint","urlTemplate":"https:\/\/www.mc-expatriation.com\/?s={search_term_string}"},"query-input":{"@type":"PropertyValueSpecification","valueRequired":true,"valueName":"search_term_string"}}],"inLanguage":"es"},{"@type":"Organization","@id":"https:\/\/www.mc-expatriation.com\/#organization","name":"MC Expatriation","url":"https:\/\/www.mc-expatriation.com\/","logo":{"@type":"ImageObject","inLanguage":"es","@id":"https:\/\/www.mc-expatriation.com\/#\/schema\/logo\/image\/","url":"https:\/\/www.mc-expatriation.com\/wp-content\/uploads\/2022\/10\/logo.svg","contentUrl":"https:\/\/www.mc-expatriation.com\/wp-content\/uploads\/2022\/10\/logo.svg","caption":"MC Expatriation"},"image":{"@id":"https:\/\/www.mc-expatriation.com\/#\/schema\/logo\/image\/"}}]}},"_links":{"self":[{"href":"https:\/\/www.mc-expatriation.com\/es\/wp-json\/wp\/v2\/pages\/5127","targetHints":{"allow":["GET"]}}],"collection":[{"href":"https:\/\/www.mc-expatriation.com\/es\/wp-json\/wp\/v2\/pages"}],"about":[{"href":"https:\/\/www.mc-expatriation.com\/es\/wp-json\/wp\/v2\/types\/page"}],"author":[{"embeddable":true,"href":"https:\/\/www.mc-expatriation.com\/es\/wp-json\/wp\/v2\/users\/1"}],"replies":[{"embeddable":true,"href":"https:\/\/www.mc-expatriation.com\/es\/wp-json\/wp\/v2\/comments?post=5127"}],"version-history":[{"count":3,"href":"https:\/\/www.mc-expatriation.com\/es\/wp-json\/wp\/v2\/pages\/5127\/revisions"}],"predecessor-version":[{"id":5130,"href":"https:\/\/www.mc-expatriation.com\/es\/wp-json\/wp\/v2\/pages\/5127\/revisions\/5130"}],"up":[{"embeddable":true,"href":"https:\/\/www.mc-expatriation.com\/es\/wp-json\/wp\/v2\/pages\/5064"}],"wp:featuredmedia":[{"embeddable":true,"href":"https:\/\/www.mc-expatriation.com\/es\/wp-json\/wp\/v2\/media\/5110"}],"wp:attachment":[{"href":"https:\/\/www.mc-expatriation.com\/es\/wp-json\/wp\/v2\/media?parent=5127"}],"curies":[{"name":"wp","href":"https:\/\/api.w.org\/{rel}","templated":true}]}}