{"id":5154,"date":"2022-11-03T08:29:01","date_gmt":"2022-11-03T08:29:01","guid":{"rendered":"https:\/\/www.mc-expatriation.com\/?page_id=5154"},"modified":"2023-11-14T11:06:22","modified_gmt":"2023-11-14T11:06:22","slug":"cuidado-ninos","status":"publish","type":"page","link":"https:\/\/www.mc-expatriation.com\/es\/vivir-en-andorra\/servicios-personales\/cuidado-ninos\/","title":{"rendered":"Cuidado de ni\u00f1os en Andorra, la elecci\u00f3n de una persona competente y de confianza"},"content":{"rendered":"\n<p>El Principado de Andorra ofrece un entorno de vida ideal para el desarrollo de los ni\u00f1os. El clima es muy agradable a lo largo de todo el a\u00f1o. El entorno es saludable. La seguridad es excepcional, con un \u00edndice de delincuencia del 0%. El sistema sanitario es uno de los m\u00e1s fiables del mundo, lo que permite disfrutar de una esperanza de vida muy alta.&nbsp;<\/p>\n\n\n\n<p>Si ha decidido trasladarse all\u00ed con su familia, puede que se est\u00e9 preguntando por el cuidado de los ni\u00f1os una vez que se haya instalado. No se preocupe, el objetivo de una Gestor\u00eda es ayudarle a encontrar una persona cualificada y de confianza, competente para acompa\u00f1ar diariamente a sus peque\u00f1os.<\/p>\n\n\n\n<div class=\"wp-block-media-text is-stacked-on-mobile\"><figure class=\"wp-block-media-text__media\"><img loading=\"lazy\" decoding=\"async\" width=\"736\" height=\"660\" src=\"https:\/\/www.mc-expatriation.com\/wp-content\/uploads\/2023\/11\/nounou.jpg\" alt=\"nounou\" class=\"wp-image-5144 size-full\" srcset=\"https:\/\/www.mc-expatriation.com\/wp-content\/uploads\/2023\/11\/nounou.jpg 736w, https:\/\/www.mc-expatriation.com\/wp-content\/uploads\/2023\/11\/nounou-300x269.jpg 300w\" sizes=\"auto, (max-width: 736px) 100vw, 736px\" \/><\/figure><div class=\"wp-block-media-text__content\">\n<h2 class=\"wp-block-heading\" id=\"h-las-diferentes-opciones-as-diferentes-opciones-de-cuidado-de-ninos-en-el-principado\">Las diferentes opciones as diferentes opciones de cuidado de ni\u00f1os en el Principado<\/h2>\n\n\n\n<p>Son la ni\u00f1a de sus ojos; a los padres no siempre les resulta f\u00e1cil confiarles sus hijos a extra\u00f1os. El problema del cuidado de los ni\u00f1os es delicado en el contexto de una expatriaci\u00f3n, sobre todo cuando hay que dejarles para ir a trabajar. En Andorra no hay de qu\u00e9 preocuparse. El pa\u00eds cuenta con instalaciones adaptadas a beb\u00e9s y ni\u00f1os. Podr\u00e1 elegir entre cuidarlos en casa o en una guarder\u00eda.&nbsp;<\/p>\n\n\n\n<p>Si su hijo tiene ya 3 meses o m\u00e1s, podr\u00e1 inscribirlo en una guarder\u00eda para que reciba cuidados regulares. Las guarder\u00edas suelen estar abiertas desde las 8.30 hasta las18.30 \/ 19.00. Puede elegir entre media jornada o jornada completa, con comida incluida. Pero tambi\u00e9n es posible elegir a una canguro para que cuide de ellos en casa en caso de urgencia o de forma puntual.<\/p>\n<\/div><\/div>\n","protected":false},"excerpt":{"rendered":"<p>El Principado de Andorra ofrece un entorno de vida ideal para el desarrollo de los ni\u00f1os. El clima es muy agradable a lo largo de todo el a\u00f1o. El entorno es saludable. La seguridad es excepcional, con un \u00edndice de delincuencia del 0%. El sistema sanitario es uno de los m\u00e1s fiables del mundo, lo [&hellip;]<\/p>\n","protected":false},"author":1,"featured_media":5142,"parent":5064,"menu_order":0,"comment_status":"closed","ping_status":"closed","template":"niveau-3.php","meta":{"_acf_changed":false,"footnotes":""},"class_list":["post-5154","page","type-page","status-publish","has-post-thumbnail","hentry"],"acf":[],"yoast_head":"<!-- This site is optimized with the Yoast SEO Premium plugin v25.8 (Yoast SEO v27.3) - https:\/\/yoast.com\/product\/yoast-seo-premium-wordpress\/ -->\n<title>Cuidado de ni\u00f1os en Andorra, la elecci\u00f3n de una persona competente y de confianza<\/title>\n<meta name=\"robots\" content=\"index, follow, max-snippet:-1, max-image-preview:large, max-video-preview:-1\" \/>\n<link rel=\"canonical\" href=\"https:\/\/www.mc-expatriation.com\/es\/vivir-en-andorra\/servicios-personales\/cuidado-ninos\/\" \/>\n<meta property=\"og:locale\" content=\"es_ES\" \/>\n<meta property=\"og:type\" content=\"article\" \/>\n<meta property=\"og:title\" content=\"Cuidado de ni\u00f1os en Andorra, la elecci\u00f3n de una persona competente y de confianza\" \/>\n<meta property=\"og:description\" content=\"El Principado de Andorra ofrece un entorno de vida ideal para el desarrollo de los ni\u00f1os. El clima es muy agradable a lo largo de todo el a\u00f1o. El entorno es saludable. La seguridad es excepcional, con un \u00edndice de delincuencia del 0%. El sistema sanitario es uno de los m\u00e1s fiables del mundo, lo [&hellip;]\" \/>\n<meta property=\"og:url\" content=\"https:\/\/www.mc-expatriation.com\/es\/vivir-en-andorra\/servicios-personales\/cuidado-ninos\/\" \/>\n<meta property=\"og:site_name\" content=\"MC Expatriation\" \/>\n<meta property=\"article:modified_time\" content=\"2023-11-14T11:06:22+00:00\" \/>\n<meta property=\"og:image\" content=\"https:\/\/www.mc-expatriation.com\/wp-content\/uploads\/2023\/11\/Garde-denfants-en-Andorre.jpg\" \/>\n\t<meta property=\"og:image:width\" content=\"1200\" \/>\n\t<meta property=\"og:image:height\" content=\"800\" \/>\n\t<meta property=\"og:image:type\" content=\"image\/jpeg\" \/>\n<meta name=\"twitter:card\" content=\"summary_large_image\" \/>\n<meta name=\"twitter:label1\" content=\"Tiempo de lectura\" \/>\n\t<meta name=\"twitter:data1\" content=\"2 minutos\" \/>\n<script type=\"application\/ld+json\" class=\"yoast-schema-graph\">{\"@context\":\"https:\\\/\\\/schema.org\",\"@graph\":[{\"@type\":\"WebPage\",\"@id\":\"https:\\\/\\\/www.mc-expatriation.com\\\/es\\\/vivir-en-andorra\\\/servicios-personales\\\/cuidado-ninos\\\/\",\"url\":\"https:\\\/\\\/www.mc-expatriation.com\\\/es\\\/vivir-en-andorra\\\/servicios-personales\\\/cuidado-ninos\\\/\",\"name\":\"Cuidado de ni\u00f1os en Andorra, la elecci\u00f3n de una persona competente y de confianza\",\"isPartOf\":{\"@id\":\"https:\\\/\\\/www.mc-expatriation.com\\\/#website\"},\"primaryImageOfPage\":{\"@id\":\"https:\\\/\\\/www.mc-expatriation.com\\\/es\\\/vivir-en-andorra\\\/servicios-personales\\\/cuidado-ninos\\\/#primaryimage\"},\"image\":{\"@id\":\"https:\\\/\\\/www.mc-expatriation.com\\\/es\\\/vivir-en-andorra\\\/servicios-personales\\\/cuidado-ninos\\\/#primaryimage\"},\"thumbnailUrl\":\"https:\\\/\\\/www.mc-expatriation.com\\\/wp-content\\\/uploads\\\/2023\\\/11\\\/Garde-denfants-en-Andorre.jpg\",\"datePublished\":\"2022-11-03T08:29:01+00:00\",\"dateModified\":\"2023-11-14T11:06:22+00:00\",\"breadcrumb\":{\"@id\":\"https:\\\/\\\/www.mc-expatriation.com\\\/es\\\/vivir-en-andorra\\\/servicios-personales\\\/cuidado-ninos\\\/#breadcrumb\"},\"inLanguage\":\"es\",\"potentialAction\":[{\"@type\":\"ReadAction\",\"target\":[\"https:\\\/\\\/www.mc-expatriation.com\\\/es\\\/vivir-en-andorra\\\/servicios-personales\\\/cuidado-ninos\\\/\"]}]},{\"@type\":\"ImageObject\",\"inLanguage\":\"es\",\"@id\":\"https:\\\/\\\/www.mc-expatriation.com\\\/es\\\/vivir-en-andorra\\\/servicios-personales\\\/cuidado-ninos\\\/#primaryimage\",\"url\":\"https:\\\/\\\/www.mc-expatriation.com\\\/wp-content\\\/uploads\\\/2023\\\/11\\\/Garde-denfants-en-Andorre.jpg\",\"contentUrl\":\"https:\\\/\\\/www.mc-expatriation.com\\\/wp-content\\\/uploads\\\/2023\\\/11\\\/Garde-denfants-en-Andorre.jpg\",\"width\":1200,\"height\":800,\"caption\":\"Garde d\u2019enfants en Andorre\"},{\"@type\":\"BreadcrumbList\",\"@id\":\"https:\\\/\\\/www.mc-expatriation.com\\\/es\\\/vivir-en-andorra\\\/servicios-personales\\\/cuidado-ninos\\\/#breadcrumb\",\"itemListElement\":[{\"@type\":\"ListItem\",\"position\":1,\"name\":\"Home\",\"item\":\"https:\\\/\\\/www.mc-expatriation.com\\\/es\\\/\"},{\"@type\":\"ListItem\",\"position\":2,\"name\":\"Vivir en Andorra: coste de la vida, inmigraci\u00f3n, seguridad y diversas informaciones necesarias\",\"item\":\"https:\\\/\\\/www.mc-expatriation.com\\\/es\\\/vivir-en-andorra\\\/\"},{\"@type\":\"ListItem\",\"position\":3,\"name\":\"Servicios personales en Andorra: la intervenci\u00f3n de nuestra gestor\u00eda\",\"item\":\"https:\\\/\\\/www.mc-expatriation.com\\\/es\\\/vivir-en-andorra\\\/servicios-personales\\\/\"},{\"@type\":\"ListItem\",\"position\":4,\"name\":\"Cuidado de ni\u00f1os en Andorra, la elecci\u00f3n de una persona competente y de confianza\"}]},{\"@type\":\"WebSite\",\"@id\":\"https:\\\/\\\/www.mc-expatriation.com\\\/#website\",\"url\":\"https:\\\/\\\/www.mc-expatriation.com\\\/\",\"name\":\"MC Expatriation\",\"description\":\"\",\"publisher\":{\"@id\":\"https:\\\/\\\/www.mc-expatriation.com\\\/#organization\"},\"potentialAction\":[{\"@type\":\"SearchAction\",\"target\":{\"@type\":\"EntryPoint\",\"urlTemplate\":\"https:\\\/\\\/www.mc-expatriation.com\\\/?s={search_term_string}\"},\"query-input\":{\"@type\":\"PropertyValueSpecification\",\"valueRequired\":true,\"valueName\":\"search_term_string\"}}],\"inLanguage\":\"es\"},{\"@type\":\"Organization\",\"@id\":\"https:\\\/\\\/www.mc-expatriation.com\\\/#organization\",\"name\":\"MC Expatriation\",\"url\":\"https:\\\/\\\/www.mc-expatriation.com\\\/\",\"logo\":{\"@type\":\"ImageObject\",\"inLanguage\":\"es\",\"@id\":\"https:\\\/\\\/www.mc-expatriation.com\\\/#\\\/schema\\\/logo\\\/image\\\/\",\"url\":\"https:\\\/\\\/www.mc-expatriation.com\\\/wp-content\\\/uploads\\\/2022\\\/10\\\/logo.svg\",\"contentUrl\":\"https:\\\/\\\/www.mc-expatriation.com\\\/wp-content\\\/uploads\\\/2022\\\/10\\\/logo.svg\",\"caption\":\"MC Expatriation\"},\"image\":{\"@id\":\"https:\\\/\\\/www.mc-expatriation.com\\\/#\\\/schema\\\/logo\\\/image\\\/\"}}]}<\/script>\n<!-- \/ Yoast SEO Premium plugin. -->","yoast_head_json":{"title":"Cuidado de ni\u00f1os en Andorra, la elecci\u00f3n de una persona competente y de confianza","robots":{"index":"index","follow":"follow","max-snippet":"max-snippet:-1","max-image-preview":"max-image-preview:large","max-video-preview":"max-video-preview:-1"},"canonical":"https:\/\/www.mc-expatriation.com\/es\/vivir-en-andorra\/servicios-personales\/cuidado-ninos\/","og_locale":"es_ES","og_type":"article","og_title":"Cuidado de ni\u00f1os en Andorra, la elecci\u00f3n de una persona competente y de confianza","og_description":"El Principado de Andorra ofrece un entorno de vida ideal para el desarrollo de los ni\u00f1os. El clima es muy agradable a lo largo de todo el a\u00f1o. El entorno es saludable. La seguridad es excepcional, con un \u00edndice de delincuencia del 0%. El sistema sanitario es uno de los m\u00e1s fiables del mundo, lo [&hellip;]","og_url":"https:\/\/www.mc-expatriation.com\/es\/vivir-en-andorra\/servicios-personales\/cuidado-ninos\/","og_site_name":"MC Expatriation","article_modified_time":"2023-11-14T11:06:22+00:00","og_image":[{"width":1200,"height":800,"url":"https:\/\/www.mc-expatriation.com\/wp-content\/uploads\/2023\/11\/Garde-denfants-en-Andorre.jpg","type":"image\/jpeg"}],"twitter_card":"summary_large_image","twitter_misc":{"Tiempo de lectura":"2 minutos"},"schema":{"@context":"https:\/\/schema.org","@graph":[{"@type":"WebPage","@id":"https:\/\/www.mc-expatriation.com\/es\/vivir-en-andorra\/servicios-personales\/cuidado-ninos\/","url":"https:\/\/www.mc-expatriation.com\/es\/vivir-en-andorra\/servicios-personales\/cuidado-ninos\/","name":"Cuidado de ni\u00f1os en Andorra, la elecci\u00f3n de una persona competente y de confianza","isPartOf":{"@id":"https:\/\/www.mc-expatriation.com\/#website"},"primaryImageOfPage":{"@id":"https:\/\/www.mc-expatriation.com\/es\/vivir-en-andorra\/servicios-personales\/cuidado-ninos\/#primaryimage"},"image":{"@id":"https:\/\/www.mc-expatriation.com\/es\/vivir-en-andorra\/servicios-personales\/cuidado-ninos\/#primaryimage"},"thumbnailUrl":"https:\/\/www.mc-expatriation.com\/wp-content\/uploads\/2023\/11\/Garde-denfants-en-Andorre.jpg","datePublished":"2022-11-03T08:29:01+00:00","dateModified":"2023-11-14T11:06:22+00:00","breadcrumb":{"@id":"https:\/\/www.mc-expatriation.com\/es\/vivir-en-andorra\/servicios-personales\/cuidado-ninos\/#breadcrumb"},"inLanguage":"es","potentialAction":[{"@type":"ReadAction","target":["https:\/\/www.mc-expatriation.com\/es\/vivir-en-andorra\/servicios-personales\/cuidado-ninos\/"]}]},{"@type":"ImageObject","inLanguage":"es","@id":"https:\/\/www.mc-expatriation.com\/es\/vivir-en-andorra\/servicios-personales\/cuidado-ninos\/#primaryimage","url":"https:\/\/www.mc-expatriation.com\/wp-content\/uploads\/2023\/11\/Garde-denfants-en-Andorre.jpg","contentUrl":"https:\/\/www.mc-expatriation.com\/wp-content\/uploads\/2023\/11\/Garde-denfants-en-Andorre.jpg","width":1200,"height":800,"caption":"Garde d\u2019enfants en Andorre"},{"@type":"BreadcrumbList","@id":"https:\/\/www.mc-expatriation.com\/es\/vivir-en-andorra\/servicios-personales\/cuidado-ninos\/#breadcrumb","itemListElement":[{"@type":"ListItem","position":1,"name":"Home","item":"https:\/\/www.mc-expatriation.com\/es\/"},{"@type":"ListItem","position":2,"name":"Vivir en Andorra: coste de la vida, inmigraci\u00f3n, seguridad y diversas informaciones necesarias","item":"https:\/\/www.mc-expatriation.com\/es\/vivir-en-andorra\/"},{"@type":"ListItem","position":3,"name":"Servicios personales en Andorra: la intervenci\u00f3n de nuestra gestor\u00eda","item":"https:\/\/www.mc-expatriation.com\/es\/vivir-en-andorra\/servicios-personales\/"},{"@type":"ListItem","position":4,"name":"Cuidado de ni\u00f1os en Andorra, la elecci\u00f3n de una persona competente y de confianza"}]},{"@type":"WebSite","@id":"https:\/\/www.mc-expatriation.com\/#website","url":"https:\/\/www.mc-expatriation.com\/","name":"MC Expatriation","description":"","publisher":{"@id":"https:\/\/www.mc-expatriation.com\/#organization"},"potentialAction":[{"@type":"SearchAction","target":{"@type":"EntryPoint","urlTemplate":"https:\/\/www.mc-expatriation.com\/?s={search_term_string}"},"query-input":{"@type":"PropertyValueSpecification","valueRequired":true,"valueName":"search_term_string"}}],"inLanguage":"es"},{"@type":"Organization","@id":"https:\/\/www.mc-expatriation.com\/#organization","name":"MC Expatriation","url":"https:\/\/www.mc-expatriation.com\/","logo":{"@type":"ImageObject","inLanguage":"es","@id":"https:\/\/www.mc-expatriation.com\/#\/schema\/logo\/image\/","url":"https:\/\/www.mc-expatriation.com\/wp-content\/uploads\/2022\/10\/logo.svg","contentUrl":"https:\/\/www.mc-expatriation.com\/wp-content\/uploads\/2022\/10\/logo.svg","caption":"MC Expatriation"},"image":{"@id":"https:\/\/www.mc-expatriation.com\/#\/schema\/logo\/image\/"}}]}},"_links":{"self":[{"href":"https:\/\/www.mc-expatriation.com\/es\/wp-json\/wp\/v2\/pages\/5154","targetHints":{"allow":["GET"]}}],"collection":[{"href":"https:\/\/www.mc-expatriation.com\/es\/wp-json\/wp\/v2\/pages"}],"about":[{"href":"https:\/\/www.mc-expatriation.com\/es\/wp-json\/wp\/v2\/types\/page"}],"author":[{"embeddable":true,"href":"https:\/\/www.mc-expatriation.com\/es\/wp-json\/wp\/v2\/users\/1"}],"replies":[{"embeddable":true,"href":"https:\/\/www.mc-expatriation.com\/es\/wp-json\/wp\/v2\/comments?post=5154"}],"version-history":[{"count":3,"href":"https:\/\/www.mc-expatriation.com\/es\/wp-json\/wp\/v2\/pages\/5154\/revisions"}],"predecessor-version":[{"id":5157,"href":"https:\/\/www.mc-expatriation.com\/es\/wp-json\/wp\/v2\/pages\/5154\/revisions\/5157"}],"up":[{"embeddable":true,"href":"https:\/\/www.mc-expatriation.com\/es\/wp-json\/wp\/v2\/pages\/5064"}],"wp:featuredmedia":[{"embeddable":true,"href":"https:\/\/www.mc-expatriation.com\/es\/wp-json\/wp\/v2\/media\/5142"}],"wp:attachment":[{"href":"https:\/\/www.mc-expatriation.com\/es\/wp-json\/wp\/v2\/media?parent=5154"}],"curies":[{"name":"wp","href":"https:\/\/api.w.org\/{rel}","templated":true}]}}