{"id":5175,"date":"2022-11-03T08:29:13","date_gmt":"2022-11-03T08:29:13","guid":{"rendered":"https:\/\/www.mc-expatriation.com\/?page_id=5175"},"modified":"2023-11-14T11:20:40","modified_gmt":"2023-11-14T11:20:40","slug":"jardinero-paisajista","status":"publish","type":"page","link":"https:\/\/www.mc-expatriation.com\/es\/vivir-en-andorra\/servicios-personales\/jardinero-paisajista\/","title":{"rendered":"\u00bfC\u00f3mo encontrar un jardinero paisajista en Andorra?"},"content":{"rendered":"\n<p>La naturaleza ha dotado al Principado de Andorra de un entorno exuberante. Para integrarse en este hermoso paisaje, nada como el cuidado del su jard\u00edn y los espacios verdes. Si carece de tiempo o conocimientos para hacerlo usted mismo, tiene la opci\u00f3n de contratar a un jardinero paisajista. Es un profesional que no limita su actividad a la creaci\u00f3n de entornos paisaj\u00edsticos nuevos. Tambi\u00e9n pueden desplazarse a su domicilio para realizar servicios de mantenimiento de jardines ya existentes.&nbsp;<\/p>\n\n\n\n<h2 class=\"wp-block-heading\" id=\"h-mantenimiento-de-su-jardin-a-cargo-de-un-jardinero-paisajista-en-andorra\">Mantenimiento de su jard\u00edn a cargo de un jardinero paisajista en Andorra<\/h2>\n\n\n\n<p>Cultivar las flores emblem\u00e1ticas de los Pirineos no siempre resulta f\u00e1cil. Debe saber que el Principado alberga nada menos que 1.100 especies de plantas. Adem\u00e1s de encontrarse por las monta\u00f1as, los valles y junto a los lagos, tambi\u00e9n se pueden plantar en casa, a poco que se sepa c\u00f3mo hacerlo. Puede recurrir a la ayuda de un paisajista.&nbsp;<\/p>\n\n\n\n<p>Cuando la nieve empiece a derretirse, empezar\u00e1 a descubrir muchas flores y plantas bonitas. Las siguientes son algunas de las especies m\u00e1s conocidas de Andorra:&nbsp;<\/p>\n\n\n\n<ul class=\"wp-block-list\">\n<li>La grandalla: es una flor con seis p\u00e9talos blancos, con una corona roja y un centro amarillo. Es el s\u00edmbolo nacional del pa\u00eds.<\/li>\n\n\n\n<li>Laurel de San-Antonio: se dice que esta planta tiene propiedades medicinales, que se suman a su condici\u00f3n de adorno maravilloso para el jard\u00edn.\u00a0<\/li>\n\n\n\n<li>El diente del perro: originaria de las monta\u00f1as europeas, esta flor tiene p\u00e9talos invertidos.<\/li>\n<\/ul>\n","protected":false},"excerpt":{"rendered":"<p>La naturaleza ha dotado al Principado de Andorra de un entorno exuberante. Para integrarse en este hermoso paisaje, nada como el cuidado del su jard\u00edn y los espacios verdes. Si carece de tiempo o conocimientos para hacerlo usted mismo, tiene la opci\u00f3n de contratar a un jardinero paisajista. Es un profesional que no limita su [&hellip;]<\/p>\n","protected":false},"author":1,"featured_media":5168,"parent":5064,"menu_order":0,"comment_status":"closed","ping_status":"closed","template":"niveau-3.php","meta":{"_acf_changed":false,"footnotes":""},"class_list":["post-5175","page","type-page","status-publish","has-post-thumbnail","hentry"],"acf":[],"yoast_head":"<!-- This site is optimized with the Yoast SEO Premium plugin v25.8 (Yoast SEO v27.3) - https:\/\/yoast.com\/product\/yoast-seo-premium-wordpress\/ -->\n<title>\u00bfC\u00f3mo encontrar un jardinero paisajista en Andorra?<\/title>\n<meta name=\"robots\" content=\"index, follow, max-snippet:-1, max-image-preview:large, max-video-preview:-1\" \/>\n<link rel=\"canonical\" href=\"https:\/\/www.mc-expatriation.com\/es\/vivir-en-andorra\/servicios-personales\/jardinero-paisajista\/\" \/>\n<meta property=\"og:locale\" content=\"es_ES\" \/>\n<meta property=\"og:type\" content=\"article\" \/>\n<meta property=\"og:title\" content=\"\u00bfC\u00f3mo encontrar un jardinero paisajista en Andorra?\" \/>\n<meta property=\"og:description\" content=\"La naturaleza ha dotado al Principado de Andorra de un entorno exuberante. Para integrarse en este hermoso paisaje, nada como el cuidado del su jard\u00edn y los espacios verdes. Si carece de tiempo o conocimientos para hacerlo usted mismo, tiene la opci\u00f3n de contratar a un jardinero paisajista. Es un profesional que no limita su [&hellip;]\" \/>\n<meta property=\"og:url\" content=\"https:\/\/www.mc-expatriation.com\/es\/vivir-en-andorra\/servicios-personales\/jardinero-paisajista\/\" \/>\n<meta property=\"og:site_name\" content=\"MC Expatriation\" \/>\n<meta property=\"article:modified_time\" content=\"2023-11-14T11:20:40+00:00\" \/>\n<meta property=\"og:image\" content=\"https:\/\/www.mc-expatriation.com\/wp-content\/uploads\/2023\/11\/jardinier-paysagiste.jpg\" \/>\n\t<meta property=\"og:image:width\" content=\"1200\" \/>\n\t<meta property=\"og:image:height\" content=\"633\" \/>\n\t<meta property=\"og:image:type\" content=\"image\/jpeg\" \/>\n<meta name=\"twitter:card\" content=\"summary_large_image\" \/>\n<meta name=\"twitter:label1\" content=\"Tiempo de lectura\" \/>\n\t<meta name=\"twitter:data1\" content=\"2 minutos\" \/>\n<script type=\"application\/ld+json\" class=\"yoast-schema-graph\">{\"@context\":\"https:\\\/\\\/schema.org\",\"@graph\":[{\"@type\":\"WebPage\",\"@id\":\"https:\\\/\\\/www.mc-expatriation.com\\\/es\\\/vivir-en-andorra\\\/servicios-personales\\\/jardinero-paisajista\\\/\",\"url\":\"https:\\\/\\\/www.mc-expatriation.com\\\/es\\\/vivir-en-andorra\\\/servicios-personales\\\/jardinero-paisajista\\\/\",\"name\":\"\u00bfC\u00f3mo encontrar un jardinero paisajista en Andorra?\",\"isPartOf\":{\"@id\":\"https:\\\/\\\/www.mc-expatriation.com\\\/#website\"},\"primaryImageOfPage\":{\"@id\":\"https:\\\/\\\/www.mc-expatriation.com\\\/es\\\/vivir-en-andorra\\\/servicios-personales\\\/jardinero-paisajista\\\/#primaryimage\"},\"image\":{\"@id\":\"https:\\\/\\\/www.mc-expatriation.com\\\/es\\\/vivir-en-andorra\\\/servicios-personales\\\/jardinero-paisajista\\\/#primaryimage\"},\"thumbnailUrl\":\"https:\\\/\\\/www.mc-expatriation.com\\\/wp-content\\\/uploads\\\/2023\\\/11\\\/jardinier-paysagiste.jpg\",\"datePublished\":\"2022-11-03T08:29:13+00:00\",\"dateModified\":\"2023-11-14T11:20:40+00:00\",\"breadcrumb\":{\"@id\":\"https:\\\/\\\/www.mc-expatriation.com\\\/es\\\/vivir-en-andorra\\\/servicios-personales\\\/jardinero-paisajista\\\/#breadcrumb\"},\"inLanguage\":\"es\",\"potentialAction\":[{\"@type\":\"ReadAction\",\"target\":[\"https:\\\/\\\/www.mc-expatriation.com\\\/es\\\/vivir-en-andorra\\\/servicios-personales\\\/jardinero-paisajista\\\/\"]}]},{\"@type\":\"ImageObject\",\"inLanguage\":\"es\",\"@id\":\"https:\\\/\\\/www.mc-expatriation.com\\\/es\\\/vivir-en-andorra\\\/servicios-personales\\\/jardinero-paisajista\\\/#primaryimage\",\"url\":\"https:\\\/\\\/www.mc-expatriation.com\\\/wp-content\\\/uploads\\\/2023\\\/11\\\/jardinier-paysagiste.jpg\",\"contentUrl\":\"https:\\\/\\\/www.mc-expatriation.com\\\/wp-content\\\/uploads\\\/2023\\\/11\\\/jardinier-paysagiste.jpg\",\"width\":1200,\"height\":633,\"caption\":\"jardinier paysagiste\"},{\"@type\":\"BreadcrumbList\",\"@id\":\"https:\\\/\\\/www.mc-expatriation.com\\\/es\\\/vivir-en-andorra\\\/servicios-personales\\\/jardinero-paisajista\\\/#breadcrumb\",\"itemListElement\":[{\"@type\":\"ListItem\",\"position\":1,\"name\":\"Home\",\"item\":\"https:\\\/\\\/www.mc-expatriation.com\\\/es\\\/\"},{\"@type\":\"ListItem\",\"position\":2,\"name\":\"Vivir en Andorra: coste de la vida, inmigraci\u00f3n, seguridad y diversas informaciones necesarias\",\"item\":\"https:\\\/\\\/www.mc-expatriation.com\\\/es\\\/vivir-en-andorra\\\/\"},{\"@type\":\"ListItem\",\"position\":3,\"name\":\"Servicios personales en Andorra: la intervenci\u00f3n de nuestra gestor\u00eda\",\"item\":\"https:\\\/\\\/www.mc-expatriation.com\\\/es\\\/vivir-en-andorra\\\/servicios-personales\\\/\"},{\"@type\":\"ListItem\",\"position\":4,\"name\":\"\u00bfC\u00f3mo encontrar un jardinero paisajista en Andorra?\"}]},{\"@type\":\"WebSite\",\"@id\":\"https:\\\/\\\/www.mc-expatriation.com\\\/#website\",\"url\":\"https:\\\/\\\/www.mc-expatriation.com\\\/\",\"name\":\"MC Expatriation\",\"description\":\"\",\"publisher\":{\"@id\":\"https:\\\/\\\/www.mc-expatriation.com\\\/#organization\"},\"potentialAction\":[{\"@type\":\"SearchAction\",\"target\":{\"@type\":\"EntryPoint\",\"urlTemplate\":\"https:\\\/\\\/www.mc-expatriation.com\\\/?s={search_term_string}\"},\"query-input\":{\"@type\":\"PropertyValueSpecification\",\"valueRequired\":true,\"valueName\":\"search_term_string\"}}],\"inLanguage\":\"es\"},{\"@type\":\"Organization\",\"@id\":\"https:\\\/\\\/www.mc-expatriation.com\\\/#organization\",\"name\":\"MC Expatriation\",\"url\":\"https:\\\/\\\/www.mc-expatriation.com\\\/\",\"logo\":{\"@type\":\"ImageObject\",\"inLanguage\":\"es\",\"@id\":\"https:\\\/\\\/www.mc-expatriation.com\\\/#\\\/schema\\\/logo\\\/image\\\/\",\"url\":\"https:\\\/\\\/www.mc-expatriation.com\\\/wp-content\\\/uploads\\\/2022\\\/10\\\/logo.svg\",\"contentUrl\":\"https:\\\/\\\/www.mc-expatriation.com\\\/wp-content\\\/uploads\\\/2022\\\/10\\\/logo.svg\",\"caption\":\"MC Expatriation\"},\"image\":{\"@id\":\"https:\\\/\\\/www.mc-expatriation.com\\\/#\\\/schema\\\/logo\\\/image\\\/\"}}]}<\/script>\n<!-- \/ Yoast SEO Premium plugin. -->","yoast_head_json":{"title":"\u00bfC\u00f3mo encontrar un jardinero paisajista en Andorra?","robots":{"index":"index","follow":"follow","max-snippet":"max-snippet:-1","max-image-preview":"max-image-preview:large","max-video-preview":"max-video-preview:-1"},"canonical":"https:\/\/www.mc-expatriation.com\/es\/vivir-en-andorra\/servicios-personales\/jardinero-paisajista\/","og_locale":"es_ES","og_type":"article","og_title":"\u00bfC\u00f3mo encontrar un jardinero paisajista en Andorra?","og_description":"La naturaleza ha dotado al Principado de Andorra de un entorno exuberante. Para integrarse en este hermoso paisaje, nada como el cuidado del su jard\u00edn y los espacios verdes. Si carece de tiempo o conocimientos para hacerlo usted mismo, tiene la opci\u00f3n de contratar a un jardinero paisajista. Es un profesional que no limita su [&hellip;]","og_url":"https:\/\/www.mc-expatriation.com\/es\/vivir-en-andorra\/servicios-personales\/jardinero-paisajista\/","og_site_name":"MC Expatriation","article_modified_time":"2023-11-14T11:20:40+00:00","og_image":[{"width":1200,"height":633,"url":"https:\/\/www.mc-expatriation.com\/wp-content\/uploads\/2023\/11\/jardinier-paysagiste.jpg","type":"image\/jpeg"}],"twitter_card":"summary_large_image","twitter_misc":{"Tiempo de lectura":"2 minutos"},"schema":{"@context":"https:\/\/schema.org","@graph":[{"@type":"WebPage","@id":"https:\/\/www.mc-expatriation.com\/es\/vivir-en-andorra\/servicios-personales\/jardinero-paisajista\/","url":"https:\/\/www.mc-expatriation.com\/es\/vivir-en-andorra\/servicios-personales\/jardinero-paisajista\/","name":"\u00bfC\u00f3mo encontrar un jardinero paisajista en Andorra?","isPartOf":{"@id":"https:\/\/www.mc-expatriation.com\/#website"},"primaryImageOfPage":{"@id":"https:\/\/www.mc-expatriation.com\/es\/vivir-en-andorra\/servicios-personales\/jardinero-paisajista\/#primaryimage"},"image":{"@id":"https:\/\/www.mc-expatriation.com\/es\/vivir-en-andorra\/servicios-personales\/jardinero-paisajista\/#primaryimage"},"thumbnailUrl":"https:\/\/www.mc-expatriation.com\/wp-content\/uploads\/2023\/11\/jardinier-paysagiste.jpg","datePublished":"2022-11-03T08:29:13+00:00","dateModified":"2023-11-14T11:20:40+00:00","breadcrumb":{"@id":"https:\/\/www.mc-expatriation.com\/es\/vivir-en-andorra\/servicios-personales\/jardinero-paisajista\/#breadcrumb"},"inLanguage":"es","potentialAction":[{"@type":"ReadAction","target":["https:\/\/www.mc-expatriation.com\/es\/vivir-en-andorra\/servicios-personales\/jardinero-paisajista\/"]}]},{"@type":"ImageObject","inLanguage":"es","@id":"https:\/\/www.mc-expatriation.com\/es\/vivir-en-andorra\/servicios-personales\/jardinero-paisajista\/#primaryimage","url":"https:\/\/www.mc-expatriation.com\/wp-content\/uploads\/2023\/11\/jardinier-paysagiste.jpg","contentUrl":"https:\/\/www.mc-expatriation.com\/wp-content\/uploads\/2023\/11\/jardinier-paysagiste.jpg","width":1200,"height":633,"caption":"jardinier paysagiste"},{"@type":"BreadcrumbList","@id":"https:\/\/www.mc-expatriation.com\/es\/vivir-en-andorra\/servicios-personales\/jardinero-paisajista\/#breadcrumb","itemListElement":[{"@type":"ListItem","position":1,"name":"Home","item":"https:\/\/www.mc-expatriation.com\/es\/"},{"@type":"ListItem","position":2,"name":"Vivir en Andorra: coste de la vida, inmigraci\u00f3n, seguridad y diversas informaciones necesarias","item":"https:\/\/www.mc-expatriation.com\/es\/vivir-en-andorra\/"},{"@type":"ListItem","position":3,"name":"Servicios personales en Andorra: la intervenci\u00f3n de nuestra gestor\u00eda","item":"https:\/\/www.mc-expatriation.com\/es\/vivir-en-andorra\/servicios-personales\/"},{"@type":"ListItem","position":4,"name":"\u00bfC\u00f3mo encontrar un jardinero paisajista en Andorra?"}]},{"@type":"WebSite","@id":"https:\/\/www.mc-expatriation.com\/#website","url":"https:\/\/www.mc-expatriation.com\/","name":"MC Expatriation","description":"","publisher":{"@id":"https:\/\/www.mc-expatriation.com\/#organization"},"potentialAction":[{"@type":"SearchAction","target":{"@type":"EntryPoint","urlTemplate":"https:\/\/www.mc-expatriation.com\/?s={search_term_string}"},"query-input":{"@type":"PropertyValueSpecification","valueRequired":true,"valueName":"search_term_string"}}],"inLanguage":"es"},{"@type":"Organization","@id":"https:\/\/www.mc-expatriation.com\/#organization","name":"MC Expatriation","url":"https:\/\/www.mc-expatriation.com\/","logo":{"@type":"ImageObject","inLanguage":"es","@id":"https:\/\/www.mc-expatriation.com\/#\/schema\/logo\/image\/","url":"https:\/\/www.mc-expatriation.com\/wp-content\/uploads\/2022\/10\/logo.svg","contentUrl":"https:\/\/www.mc-expatriation.com\/wp-content\/uploads\/2022\/10\/logo.svg","caption":"MC Expatriation"},"image":{"@id":"https:\/\/www.mc-expatriation.com\/#\/schema\/logo\/image\/"}}]}},"_links":{"self":[{"href":"https:\/\/www.mc-expatriation.com\/es\/wp-json\/wp\/v2\/pages\/5175","targetHints":{"allow":["GET"]}}],"collection":[{"href":"https:\/\/www.mc-expatriation.com\/es\/wp-json\/wp\/v2\/pages"}],"about":[{"href":"https:\/\/www.mc-expatriation.com\/es\/wp-json\/wp\/v2\/types\/page"}],"author":[{"embeddable":true,"href":"https:\/\/www.mc-expatriation.com\/es\/wp-json\/wp\/v2\/users\/1"}],"replies":[{"embeddable":true,"href":"https:\/\/www.mc-expatriation.com\/es\/wp-json\/wp\/v2\/comments?post=5175"}],"version-history":[{"count":4,"href":"https:\/\/www.mc-expatriation.com\/es\/wp-json\/wp\/v2\/pages\/5175\/revisions"}],"predecessor-version":[{"id":5179,"href":"https:\/\/www.mc-expatriation.com\/es\/wp-json\/wp\/v2\/pages\/5175\/revisions\/5179"}],"up":[{"embeddable":true,"href":"https:\/\/www.mc-expatriation.com\/es\/wp-json\/wp\/v2\/pages\/5064"}],"wp:featuredmedia":[{"embeddable":true,"href":"https:\/\/www.mc-expatriation.com\/es\/wp-json\/wp\/v2\/media\/5168"}],"wp:attachment":[{"href":"https:\/\/www.mc-expatriation.com\/es\/wp-json\/wp\/v2\/media?parent=5175"}],"curies":[{"name":"wp","href":"https:\/\/api.w.org\/{rel}","templated":true}]}}