{"id":5194,"date":"2022-11-03T08:29:25","date_gmt":"2022-11-03T08:29:25","guid":{"rendered":"https:\/\/www.mc-expatriation.com\/?page_id=5194"},"modified":"2023-11-14T12:14:38","modified_gmt":"2023-11-14T12:14:38","slug":"enfermera","status":"publish","type":"page","link":"https:\/\/www.mc-expatriation.com\/es\/vivir-en-andorra\/servicios-personales\/enfermera\/","title":{"rendered":"Recurrir a los servicios de una enfermera en Andorra: \u00bfcu\u00e1ndo, c\u00f3mo y d\u00f3nde dirigirse?"},"content":{"rendered":"\n<p><strong>Una de las principales razones que hacen que el Principado\u00a0 de Andorra sea un pa\u00eds ideal para empezar una nueva vida es la calidad de su sistema sanitario. En este peque\u00f1o y extraordinario Estado situado entre Francia y Espa\u00f1a, los residentes disfrutan de una de las mejores prestaciones sanitarias del mundo. Seg\u00fan la Organizaci\u00f3n Mundial de la Salud tienen ua elevada esperanza de vida.<\/strong><\/p>\n\n\n\n<h2 class=\"wp-block-heading\" id=\"h-el-saas-una-estructura-que-proporciona-atencion-regular-a-toda-la-familia\">El SAAS, una estructura que proporciona atenci\u00f3n regular a toda la familia<\/h2>\n\n\n\n<p>Como ocurre en B\u00e9lgica, Francia o Espa\u00f1a, y la mayor\u00eda de los pa\u00edses europeo, Andorra tiene un sistema sanitario p\u00fablico obligatorio que facilita a todos los residentes activos puedan recibir la atenci\u00f3n sanitaria que necesitan. Acceder a cuidados de enfermer\u00eda en Andorra es muy f\u00e1cil, tanto a domicilio como en u centro de la entidad parap\u00fablica SAAS.&nbsp;<\/p>\n\n\n\n<p>Esta instituci\u00f3n pretende hacer efectivos los recursos necesarios para optimizar la salud de la poblaci\u00f3n andorrana, tanto si son residentes activos o personas de paso por el territorio. Es una&nbsp; organizaci\u00f3n que facilita la asistencia y la pone al alcance de todos, a la vez que tambi\u00e9n garantiza la calidad de dicha asistencia.<\/p>\n","protected":false},"excerpt":{"rendered":"<p>Una de las principales razones que hacen que el Principado\u00a0 de Andorra sea un pa\u00eds ideal para empezar una nueva vida es la calidad de su sistema sanitario. En este peque\u00f1o y extraordinario Estado situado entre Francia y Espa\u00f1a, los residentes disfrutan de una de las mejores prestaciones sanitarias del mundo. Seg\u00fan la Organizaci\u00f3n Mundial [&hellip;]<\/p>\n","protected":false},"author":1,"featured_media":5188,"parent":5064,"menu_order":0,"comment_status":"closed","ping_status":"closed","template":"niveau-3.php","meta":{"_acf_changed":false,"footnotes":""},"class_list":["post-5194","page","type-page","status-publish","has-post-thumbnail","hentry"],"acf":[],"yoast_head":"<!-- This site is optimized with the Yoast SEO Premium plugin v25.8 (Yoast SEO v27.3) - https:\/\/yoast.com\/product\/yoast-seo-premium-wordpress\/ -->\n<title>Recurrir a los servicios de una enfermera en Andorra: \u00bfcu\u00e1ndo, c\u00f3mo y d\u00f3nde dirigirse?<\/title>\n<meta name=\"robots\" content=\"index, follow, max-snippet:-1, max-image-preview:large, max-video-preview:-1\" \/>\n<link rel=\"canonical\" href=\"https:\/\/www.mc-expatriation.com\/es\/vivir-en-andorra\/servicios-personales\/enfermera\/\" \/>\n<meta property=\"og:locale\" content=\"es_ES\" \/>\n<meta property=\"og:type\" content=\"article\" \/>\n<meta property=\"og:title\" content=\"Recurrir a los servicios de una enfermera en Andorra: \u00bfcu\u00e1ndo, c\u00f3mo y d\u00f3nde dirigirse?\" \/>\n<meta property=\"og:description\" content=\"Una de las principales razones que hacen que el Principado\u00a0 de Andorra sea un pa\u00eds ideal para empezar una nueva vida es la calidad de su sistema sanitario. En este peque\u00f1o y extraordinario Estado situado entre Francia y Espa\u00f1a, los residentes disfrutan de una de las mejores prestaciones sanitarias del mundo. Seg\u00fan la Organizaci\u00f3n Mundial [&hellip;]\" \/>\n<meta property=\"og:url\" content=\"https:\/\/www.mc-expatriation.com\/es\/vivir-en-andorra\/servicios-personales\/enfermera\/\" \/>\n<meta property=\"og:site_name\" content=\"MC Expatriation\" \/>\n<meta property=\"article:modified_time\" content=\"2023-11-14T12:14:38+00:00\" \/>\n<meta property=\"og:image\" content=\"https:\/\/www.mc-expatriation.com\/wp-content\/uploads\/2023\/11\/services-dune-infirmiere.jpg\" \/>\n\t<meta property=\"og:image:width\" content=\"1200\" \/>\n\t<meta property=\"og:image:height\" content=\"800\" \/>\n\t<meta property=\"og:image:type\" content=\"image\/jpeg\" \/>\n<meta name=\"twitter:card\" content=\"summary_large_image\" \/>\n<meta name=\"twitter:label1\" content=\"Tiempo de lectura\" \/>\n\t<meta name=\"twitter:data1\" content=\"1 minuto\" \/>\n<script type=\"application\/ld+json\" class=\"yoast-schema-graph\">{\"@context\":\"https:\\\/\\\/schema.org\",\"@graph\":[{\"@type\":\"WebPage\",\"@id\":\"https:\\\/\\\/www.mc-expatriation.com\\\/es\\\/vivir-en-andorra\\\/servicios-personales\\\/enfermera\\\/\",\"url\":\"https:\\\/\\\/www.mc-expatriation.com\\\/es\\\/vivir-en-andorra\\\/servicios-personales\\\/enfermera\\\/\",\"name\":\"Recurrir a los servicios de una enfermera en Andorra: \u00bfcu\u00e1ndo, c\u00f3mo y d\u00f3nde dirigirse?\",\"isPartOf\":{\"@id\":\"https:\\\/\\\/www.mc-expatriation.com\\\/#website\"},\"primaryImageOfPage\":{\"@id\":\"https:\\\/\\\/www.mc-expatriation.com\\\/es\\\/vivir-en-andorra\\\/servicios-personales\\\/enfermera\\\/#primaryimage\"},\"image\":{\"@id\":\"https:\\\/\\\/www.mc-expatriation.com\\\/es\\\/vivir-en-andorra\\\/servicios-personales\\\/enfermera\\\/#primaryimage\"},\"thumbnailUrl\":\"https:\\\/\\\/www.mc-expatriation.com\\\/wp-content\\\/uploads\\\/2023\\\/11\\\/services-dune-infirmiere.jpg\",\"datePublished\":\"2022-11-03T08:29:25+00:00\",\"dateModified\":\"2023-11-14T12:14:38+00:00\",\"breadcrumb\":{\"@id\":\"https:\\\/\\\/www.mc-expatriation.com\\\/es\\\/vivir-en-andorra\\\/servicios-personales\\\/enfermera\\\/#breadcrumb\"},\"inLanguage\":\"es\",\"potentialAction\":[{\"@type\":\"ReadAction\",\"target\":[\"https:\\\/\\\/www.mc-expatriation.com\\\/es\\\/vivir-en-andorra\\\/servicios-personales\\\/enfermera\\\/\"]}]},{\"@type\":\"ImageObject\",\"inLanguage\":\"es\",\"@id\":\"https:\\\/\\\/www.mc-expatriation.com\\\/es\\\/vivir-en-andorra\\\/servicios-personales\\\/enfermera\\\/#primaryimage\",\"url\":\"https:\\\/\\\/www.mc-expatriation.com\\\/wp-content\\\/uploads\\\/2023\\\/11\\\/services-dune-infirmiere.jpg\",\"contentUrl\":\"https:\\\/\\\/www.mc-expatriation.com\\\/wp-content\\\/uploads\\\/2023\\\/11\\\/services-dune-infirmiere.jpg\",\"width\":1200,\"height\":800,\"caption\":\"services d\u2019une infirmi\u00e8re\"},{\"@type\":\"BreadcrumbList\",\"@id\":\"https:\\\/\\\/www.mc-expatriation.com\\\/es\\\/vivir-en-andorra\\\/servicios-personales\\\/enfermera\\\/#breadcrumb\",\"itemListElement\":[{\"@type\":\"ListItem\",\"position\":1,\"name\":\"Home\",\"item\":\"https:\\\/\\\/www.mc-expatriation.com\\\/es\\\/\"},{\"@type\":\"ListItem\",\"position\":2,\"name\":\"Vivir en Andorra: coste de la vida, inmigraci\u00f3n, seguridad y diversas informaciones necesarias\",\"item\":\"https:\\\/\\\/www.mc-expatriation.com\\\/es\\\/vivir-en-andorra\\\/\"},{\"@type\":\"ListItem\",\"position\":3,\"name\":\"Servicios personales en Andorra: la intervenci\u00f3n de nuestra gestor\u00eda\",\"item\":\"https:\\\/\\\/www.mc-expatriation.com\\\/es\\\/vivir-en-andorra\\\/servicios-personales\\\/\"},{\"@type\":\"ListItem\",\"position\":4,\"name\":\"Recurrir a los servicios de una enfermera en Andorra: \u00bfcu\u00e1ndo, c\u00f3mo y d\u00f3nde dirigirse?\"}]},{\"@type\":\"WebSite\",\"@id\":\"https:\\\/\\\/www.mc-expatriation.com\\\/#website\",\"url\":\"https:\\\/\\\/www.mc-expatriation.com\\\/\",\"name\":\"MC Expatriation\",\"description\":\"\",\"publisher\":{\"@id\":\"https:\\\/\\\/www.mc-expatriation.com\\\/#organization\"},\"potentialAction\":[{\"@type\":\"SearchAction\",\"target\":{\"@type\":\"EntryPoint\",\"urlTemplate\":\"https:\\\/\\\/www.mc-expatriation.com\\\/?s={search_term_string}\"},\"query-input\":{\"@type\":\"PropertyValueSpecification\",\"valueRequired\":true,\"valueName\":\"search_term_string\"}}],\"inLanguage\":\"es\"},{\"@type\":\"Organization\",\"@id\":\"https:\\\/\\\/www.mc-expatriation.com\\\/#organization\",\"name\":\"MC Expatriation\",\"url\":\"https:\\\/\\\/www.mc-expatriation.com\\\/\",\"logo\":{\"@type\":\"ImageObject\",\"inLanguage\":\"es\",\"@id\":\"https:\\\/\\\/www.mc-expatriation.com\\\/#\\\/schema\\\/logo\\\/image\\\/\",\"url\":\"https:\\\/\\\/www.mc-expatriation.com\\\/wp-content\\\/uploads\\\/2022\\\/10\\\/logo.svg\",\"contentUrl\":\"https:\\\/\\\/www.mc-expatriation.com\\\/wp-content\\\/uploads\\\/2022\\\/10\\\/logo.svg\",\"caption\":\"MC Expatriation\"},\"image\":{\"@id\":\"https:\\\/\\\/www.mc-expatriation.com\\\/#\\\/schema\\\/logo\\\/image\\\/\"}}]}<\/script>\n<!-- \/ Yoast SEO Premium plugin. -->","yoast_head_json":{"title":"Recurrir a los servicios de una enfermera en Andorra: \u00bfcu\u00e1ndo, c\u00f3mo y d\u00f3nde dirigirse?","robots":{"index":"index","follow":"follow","max-snippet":"max-snippet:-1","max-image-preview":"max-image-preview:large","max-video-preview":"max-video-preview:-1"},"canonical":"https:\/\/www.mc-expatriation.com\/es\/vivir-en-andorra\/servicios-personales\/enfermera\/","og_locale":"es_ES","og_type":"article","og_title":"Recurrir a los servicios de una enfermera en Andorra: \u00bfcu\u00e1ndo, c\u00f3mo y d\u00f3nde dirigirse?","og_description":"Una de las principales razones que hacen que el Principado\u00a0 de Andorra sea un pa\u00eds ideal para empezar una nueva vida es la calidad de su sistema sanitario. En este peque\u00f1o y extraordinario Estado situado entre Francia y Espa\u00f1a, los residentes disfrutan de una de las mejores prestaciones sanitarias del mundo. Seg\u00fan la Organizaci\u00f3n Mundial [&hellip;]","og_url":"https:\/\/www.mc-expatriation.com\/es\/vivir-en-andorra\/servicios-personales\/enfermera\/","og_site_name":"MC Expatriation","article_modified_time":"2023-11-14T12:14:38+00:00","og_image":[{"width":1200,"height":800,"url":"https:\/\/www.mc-expatriation.com\/wp-content\/uploads\/2023\/11\/services-dune-infirmiere.jpg","type":"image\/jpeg"}],"twitter_card":"summary_large_image","twitter_misc":{"Tiempo de lectura":"1 minuto"},"schema":{"@context":"https:\/\/schema.org","@graph":[{"@type":"WebPage","@id":"https:\/\/www.mc-expatriation.com\/es\/vivir-en-andorra\/servicios-personales\/enfermera\/","url":"https:\/\/www.mc-expatriation.com\/es\/vivir-en-andorra\/servicios-personales\/enfermera\/","name":"Recurrir a los servicios de una enfermera en Andorra: \u00bfcu\u00e1ndo, c\u00f3mo y d\u00f3nde dirigirse?","isPartOf":{"@id":"https:\/\/www.mc-expatriation.com\/#website"},"primaryImageOfPage":{"@id":"https:\/\/www.mc-expatriation.com\/es\/vivir-en-andorra\/servicios-personales\/enfermera\/#primaryimage"},"image":{"@id":"https:\/\/www.mc-expatriation.com\/es\/vivir-en-andorra\/servicios-personales\/enfermera\/#primaryimage"},"thumbnailUrl":"https:\/\/www.mc-expatriation.com\/wp-content\/uploads\/2023\/11\/services-dune-infirmiere.jpg","datePublished":"2022-11-03T08:29:25+00:00","dateModified":"2023-11-14T12:14:38+00:00","breadcrumb":{"@id":"https:\/\/www.mc-expatriation.com\/es\/vivir-en-andorra\/servicios-personales\/enfermera\/#breadcrumb"},"inLanguage":"es","potentialAction":[{"@type":"ReadAction","target":["https:\/\/www.mc-expatriation.com\/es\/vivir-en-andorra\/servicios-personales\/enfermera\/"]}]},{"@type":"ImageObject","inLanguage":"es","@id":"https:\/\/www.mc-expatriation.com\/es\/vivir-en-andorra\/servicios-personales\/enfermera\/#primaryimage","url":"https:\/\/www.mc-expatriation.com\/wp-content\/uploads\/2023\/11\/services-dune-infirmiere.jpg","contentUrl":"https:\/\/www.mc-expatriation.com\/wp-content\/uploads\/2023\/11\/services-dune-infirmiere.jpg","width":1200,"height":800,"caption":"services d\u2019une infirmi\u00e8re"},{"@type":"BreadcrumbList","@id":"https:\/\/www.mc-expatriation.com\/es\/vivir-en-andorra\/servicios-personales\/enfermera\/#breadcrumb","itemListElement":[{"@type":"ListItem","position":1,"name":"Home","item":"https:\/\/www.mc-expatriation.com\/es\/"},{"@type":"ListItem","position":2,"name":"Vivir en Andorra: coste de la vida, inmigraci\u00f3n, seguridad y diversas informaciones necesarias","item":"https:\/\/www.mc-expatriation.com\/es\/vivir-en-andorra\/"},{"@type":"ListItem","position":3,"name":"Servicios personales en Andorra: la intervenci\u00f3n de nuestra gestor\u00eda","item":"https:\/\/www.mc-expatriation.com\/es\/vivir-en-andorra\/servicios-personales\/"},{"@type":"ListItem","position":4,"name":"Recurrir a los servicios de una enfermera en Andorra: \u00bfcu\u00e1ndo, c\u00f3mo y d\u00f3nde dirigirse?"}]},{"@type":"WebSite","@id":"https:\/\/www.mc-expatriation.com\/#website","url":"https:\/\/www.mc-expatriation.com\/","name":"MC Expatriation","description":"","publisher":{"@id":"https:\/\/www.mc-expatriation.com\/#organization"},"potentialAction":[{"@type":"SearchAction","target":{"@type":"EntryPoint","urlTemplate":"https:\/\/www.mc-expatriation.com\/?s={search_term_string}"},"query-input":{"@type":"PropertyValueSpecification","valueRequired":true,"valueName":"search_term_string"}}],"inLanguage":"es"},{"@type":"Organization","@id":"https:\/\/www.mc-expatriation.com\/#organization","name":"MC Expatriation","url":"https:\/\/www.mc-expatriation.com\/","logo":{"@type":"ImageObject","inLanguage":"es","@id":"https:\/\/www.mc-expatriation.com\/#\/schema\/logo\/image\/","url":"https:\/\/www.mc-expatriation.com\/wp-content\/uploads\/2022\/10\/logo.svg","contentUrl":"https:\/\/www.mc-expatriation.com\/wp-content\/uploads\/2022\/10\/logo.svg","caption":"MC Expatriation"},"image":{"@id":"https:\/\/www.mc-expatriation.com\/#\/schema\/logo\/image\/"}}]}},"_links":{"self":[{"href":"https:\/\/www.mc-expatriation.com\/es\/wp-json\/wp\/v2\/pages\/5194","targetHints":{"allow":["GET"]}}],"collection":[{"href":"https:\/\/www.mc-expatriation.com\/es\/wp-json\/wp\/v2\/pages"}],"about":[{"href":"https:\/\/www.mc-expatriation.com\/es\/wp-json\/wp\/v2\/types\/page"}],"author":[{"embeddable":true,"href":"https:\/\/www.mc-expatriation.com\/es\/wp-json\/wp\/v2\/users\/1"}],"replies":[{"embeddable":true,"href":"https:\/\/www.mc-expatriation.com\/es\/wp-json\/wp\/v2\/comments?post=5194"}],"version-history":[{"count":4,"href":"https:\/\/www.mc-expatriation.com\/es\/wp-json\/wp\/v2\/pages\/5194\/revisions"}],"predecessor-version":[{"id":5204,"href":"https:\/\/www.mc-expatriation.com\/es\/wp-json\/wp\/v2\/pages\/5194\/revisions\/5204"}],"up":[{"embeddable":true,"href":"https:\/\/www.mc-expatriation.com\/es\/wp-json\/wp\/v2\/pages\/5064"}],"wp:featuredmedia":[{"embeddable":true,"href":"https:\/\/www.mc-expatriation.com\/es\/wp-json\/wp\/v2\/media\/5188"}],"wp:attachment":[{"href":"https:\/\/www.mc-expatriation.com\/es\/wp-json\/wp\/v2\/media?parent=5194"}],"curies":[{"name":"wp","href":"https:\/\/api.w.org\/{rel}","templated":true}]}}