{"id":5220,"date":"2022-11-03T08:30:04","date_gmt":"2022-11-03T08:30:04","guid":{"rendered":"https:\/\/www.mc-expatriation.com\/?page_id=5220"},"modified":"2023-11-14T12:29:14","modified_gmt":"2023-11-14T12:29:14","slug":"compras-domicilio","status":"publish","type":"page","link":"https:\/\/www.mc-expatriation.com\/es\/vivir-en-andorra\/servicios-personales\/compras-domicilio\/","title":{"rendered":"Compras a domicilio: simplif\u00edquese la vida una vez instalado en el Principado de Andorra"},"content":{"rendered":"\n<p>La entrega de comestibles a domicilio se ha convertido en una pr\u00e1ctica habitual en el estilo de vida de la gente moderna. Andorra no es una excepci\u00f3n en este sentido. Aprovechar este servicio brinda toda una serie de ventajas que no se limitan a la gesti\u00f3n del tiempo. Aparte del comercio electr\u00f3nico, que ha revolucionado la vida de los consumidores, muchas empresas ofrecen tambi\u00e9n sus servicios para aligerarles de diversas gestiones cotidianas a sus clientes.<\/p>\n\n\n\n<h2 class=\"wp-block-heading\" id=\"h-servicios-de-entrega-de-compras-a-domicilio-en-andorra-nbsp\">Servicios de entrega de compras a domicilio en Andorra&nbsp;<\/h2>\n\n\n\n<p>Al igual que en muchos pa\u00edses europeos, los consumidores pueden simplificarse la vida&nbsp; utilizando la compra a domicilio. Enclavado entre Francia y Espa\u00f1a, el Principado de Andorra se caracteriza por una calidad de vida especialmente alta.&nbsp;<\/p>\n\n\n\n<p>El pa\u00eds dispone de una serie de servicios comunes para hacer la vida cotidiana f\u00e1cil y agradable. Ir de compras en Andorra puede hacerse sin salir de casa. Tiene dos opciones al respecto.<\/p>\n\n\n\n<h3 class=\"wp-block-heading\" id=\"h-principios-y-opciones-para-comprar-a-domicilio-en-andorra-nbsp\">Principios y opciones para comprar a domicilio en Andorra&nbsp;<\/h3>\n\n\n\n<p>Diferentes profesionales ofrecen sus servicios para ayudar a los clientes a organizar mejor su vida diaria. Entre ellos, encontramos el servicio de compra y entrega de comestibles. No se trata, en absoluto, de servicios destinados exclusivamente a personas mayores. Las personas activas que no tienen tiempo para hacer sus compras a diario tambi\u00e9n recurren a ellos.&nbsp;<\/p>\n\n\n\n<ul class=\"wp-block-list\">\n<li>Compras en tienda con entrega a domicilio: Usted se encarga de sus compras en la tienda, tal como lo h hecho siempre. Luego, tras haber abonado la compra, el comercio se encarga de garantizar la entrega de sus comestibles durante el mismo d\u00eda o al d\u00eda siguiente.<\/li>\n\n\n\n<li>Compra online con servicio de entrega: usted pide por internet los productos que necesita y espera pacientemente a que se los entreguen.\u00a0<\/li>\n<\/ul>\n\n\n\n<p>En cualquier caso, este servicio de entrega de compras a domicilio no puede sino ponerle las cosas m\u00e1s f\u00e1ciles. Sobre todo, si se acaba de mudar a un pa\u00eds en el que la lengua oficial es el catal\u00e1n.<\/p>\n","protected":false},"excerpt":{"rendered":"<p>La entrega de comestibles a domicilio se ha convertido en una pr\u00e1ctica habitual en el estilo de vida de la gente moderna. Andorra no es una excepci\u00f3n en este sentido. Aprovechar este servicio brinda toda una serie de ventajas que no se limitan a la gesti\u00f3n del tiempo. Aparte del comercio electr\u00f3nico, que ha revolucionado [&hellip;]<\/p>\n","protected":false},"author":1,"featured_media":5211,"parent":5064,"menu_order":0,"comment_status":"closed","ping_status":"closed","template":"niveau-3.php","meta":{"_acf_changed":false,"footnotes":""},"class_list":["post-5220","page","type-page","status-publish","has-post-thumbnail","hentry"],"acf":[],"yoast_head":"<!-- This site is optimized with the Yoast SEO Premium plugin v25.8 (Yoast SEO v27.3) - https:\/\/yoast.com\/product\/yoast-seo-premium-wordpress\/ -->\n<title>Compras a domicilio: simplif\u00edquese la vida una vez instalado en el Principado de Andorra<\/title>\n<meta name=\"robots\" content=\"index, follow, max-snippet:-1, max-image-preview:large, max-video-preview:-1\" \/>\n<link rel=\"canonical\" href=\"https:\/\/www.mc-expatriation.com\/es\/vivir-en-andorra\/servicios-personales\/compras-domicilio\/\" \/>\n<meta property=\"og:locale\" content=\"es_ES\" \/>\n<meta property=\"og:type\" content=\"article\" \/>\n<meta property=\"og:title\" content=\"Compras a domicilio: simplif\u00edquese la vida una vez instalado en el Principado de Andorra\" \/>\n<meta property=\"og:description\" content=\"La entrega de comestibles a domicilio se ha convertido en una pr\u00e1ctica habitual en el estilo de vida de la gente moderna. Andorra no es una excepci\u00f3n en este sentido. Aprovechar este servicio brinda toda una serie de ventajas que no se limitan a la gesti\u00f3n del tiempo. Aparte del comercio electr\u00f3nico, que ha revolucionado [&hellip;]\" \/>\n<meta property=\"og:url\" content=\"https:\/\/www.mc-expatriation.com\/es\/vivir-en-andorra\/servicios-personales\/compras-domicilio\/\" \/>\n<meta property=\"og:site_name\" content=\"MC Expatriation\" \/>\n<meta property=\"article:modified_time\" content=\"2023-11-14T12:29:14+00:00\" \/>\n<meta property=\"og:image\" content=\"https:\/\/www.mc-expatriation.com\/wp-content\/uploads\/2023\/11\/Course-a-domicile.jpg\" \/>\n\t<meta property=\"og:image:width\" content=\"1200\" \/>\n\t<meta property=\"og:image:height\" content=\"800\" \/>\n\t<meta property=\"og:image:type\" content=\"image\/jpeg\" \/>\n<meta name=\"twitter:card\" content=\"summary_large_image\" \/>\n<meta name=\"twitter:label1\" content=\"Tiempo de lectura\" \/>\n\t<meta name=\"twitter:data1\" content=\"2 minutos\" \/>\n<script type=\"application\/ld+json\" class=\"yoast-schema-graph\">{\"@context\":\"https:\\\/\\\/schema.org\",\"@graph\":[{\"@type\":\"WebPage\",\"@id\":\"https:\\\/\\\/www.mc-expatriation.com\\\/es\\\/vivir-en-andorra\\\/servicios-personales\\\/compras-domicilio\\\/\",\"url\":\"https:\\\/\\\/www.mc-expatriation.com\\\/es\\\/vivir-en-andorra\\\/servicios-personales\\\/compras-domicilio\\\/\",\"name\":\"Compras a domicilio: simplif\u00edquese la vida una vez instalado en el Principado de Andorra\",\"isPartOf\":{\"@id\":\"https:\\\/\\\/www.mc-expatriation.com\\\/#website\"},\"primaryImageOfPage\":{\"@id\":\"https:\\\/\\\/www.mc-expatriation.com\\\/es\\\/vivir-en-andorra\\\/servicios-personales\\\/compras-domicilio\\\/#primaryimage\"},\"image\":{\"@id\":\"https:\\\/\\\/www.mc-expatriation.com\\\/es\\\/vivir-en-andorra\\\/servicios-personales\\\/compras-domicilio\\\/#primaryimage\"},\"thumbnailUrl\":\"https:\\\/\\\/www.mc-expatriation.com\\\/wp-content\\\/uploads\\\/2023\\\/11\\\/Course-a-domicile.jpg\",\"datePublished\":\"2022-11-03T08:30:04+00:00\",\"dateModified\":\"2023-11-14T12:29:14+00:00\",\"breadcrumb\":{\"@id\":\"https:\\\/\\\/www.mc-expatriation.com\\\/es\\\/vivir-en-andorra\\\/servicios-personales\\\/compras-domicilio\\\/#breadcrumb\"},\"inLanguage\":\"es\",\"potentialAction\":[{\"@type\":\"ReadAction\",\"target\":[\"https:\\\/\\\/www.mc-expatriation.com\\\/es\\\/vivir-en-andorra\\\/servicios-personales\\\/compras-domicilio\\\/\"]}]},{\"@type\":\"ImageObject\",\"inLanguage\":\"es\",\"@id\":\"https:\\\/\\\/www.mc-expatriation.com\\\/es\\\/vivir-en-andorra\\\/servicios-personales\\\/compras-domicilio\\\/#primaryimage\",\"url\":\"https:\\\/\\\/www.mc-expatriation.com\\\/wp-content\\\/uploads\\\/2023\\\/11\\\/Course-a-domicile.jpg\",\"contentUrl\":\"https:\\\/\\\/www.mc-expatriation.com\\\/wp-content\\\/uploads\\\/2023\\\/11\\\/Course-a-domicile.jpg\",\"width\":1200,\"height\":800,\"caption\":\"Course \u00e0 domicile\"},{\"@type\":\"BreadcrumbList\",\"@id\":\"https:\\\/\\\/www.mc-expatriation.com\\\/es\\\/vivir-en-andorra\\\/servicios-personales\\\/compras-domicilio\\\/#breadcrumb\",\"itemListElement\":[{\"@type\":\"ListItem\",\"position\":1,\"name\":\"Home\",\"item\":\"https:\\\/\\\/www.mc-expatriation.com\\\/es\\\/\"},{\"@type\":\"ListItem\",\"position\":2,\"name\":\"Vivir en Andorra: coste de la vida, inmigraci\u00f3n, seguridad y diversas informaciones necesarias\",\"item\":\"https:\\\/\\\/www.mc-expatriation.com\\\/es\\\/vivir-en-andorra\\\/\"},{\"@type\":\"ListItem\",\"position\":3,\"name\":\"Servicios personales en Andorra: la intervenci\u00f3n de nuestra gestor\u00eda\",\"item\":\"https:\\\/\\\/www.mc-expatriation.com\\\/es\\\/vivir-en-andorra\\\/servicios-personales\\\/\"},{\"@type\":\"ListItem\",\"position\":4,\"name\":\"Compras a domicilio: simplif\u00edquese la vida una vez instalado en el Principado de Andorra\"}]},{\"@type\":\"WebSite\",\"@id\":\"https:\\\/\\\/www.mc-expatriation.com\\\/#website\",\"url\":\"https:\\\/\\\/www.mc-expatriation.com\\\/\",\"name\":\"MC Expatriation\",\"description\":\"\",\"publisher\":{\"@id\":\"https:\\\/\\\/www.mc-expatriation.com\\\/#organization\"},\"potentialAction\":[{\"@type\":\"SearchAction\",\"target\":{\"@type\":\"EntryPoint\",\"urlTemplate\":\"https:\\\/\\\/www.mc-expatriation.com\\\/?s={search_term_string}\"},\"query-input\":{\"@type\":\"PropertyValueSpecification\",\"valueRequired\":true,\"valueName\":\"search_term_string\"}}],\"inLanguage\":\"es\"},{\"@type\":\"Organization\",\"@id\":\"https:\\\/\\\/www.mc-expatriation.com\\\/#organization\",\"name\":\"MC Expatriation\",\"url\":\"https:\\\/\\\/www.mc-expatriation.com\\\/\",\"logo\":{\"@type\":\"ImageObject\",\"inLanguage\":\"es\",\"@id\":\"https:\\\/\\\/www.mc-expatriation.com\\\/#\\\/schema\\\/logo\\\/image\\\/\",\"url\":\"https:\\\/\\\/www.mc-expatriation.com\\\/wp-content\\\/uploads\\\/2022\\\/10\\\/logo.svg\",\"contentUrl\":\"https:\\\/\\\/www.mc-expatriation.com\\\/wp-content\\\/uploads\\\/2022\\\/10\\\/logo.svg\",\"caption\":\"MC Expatriation\"},\"image\":{\"@id\":\"https:\\\/\\\/www.mc-expatriation.com\\\/#\\\/schema\\\/logo\\\/image\\\/\"}}]}<\/script>\n<!-- \/ Yoast SEO Premium plugin. -->","yoast_head_json":{"title":"Compras a domicilio: simplif\u00edquese la vida una vez instalado en el Principado de Andorra","robots":{"index":"index","follow":"follow","max-snippet":"max-snippet:-1","max-image-preview":"max-image-preview:large","max-video-preview":"max-video-preview:-1"},"canonical":"https:\/\/www.mc-expatriation.com\/es\/vivir-en-andorra\/servicios-personales\/compras-domicilio\/","og_locale":"es_ES","og_type":"article","og_title":"Compras a domicilio: simplif\u00edquese la vida una vez instalado en el Principado de Andorra","og_description":"La entrega de comestibles a domicilio se ha convertido en una pr\u00e1ctica habitual en el estilo de vida de la gente moderna. Andorra no es una excepci\u00f3n en este sentido. Aprovechar este servicio brinda toda una serie de ventajas que no se limitan a la gesti\u00f3n del tiempo. Aparte del comercio electr\u00f3nico, que ha revolucionado [&hellip;]","og_url":"https:\/\/www.mc-expatriation.com\/es\/vivir-en-andorra\/servicios-personales\/compras-domicilio\/","og_site_name":"MC Expatriation","article_modified_time":"2023-11-14T12:29:14+00:00","og_image":[{"width":1200,"height":800,"url":"https:\/\/www.mc-expatriation.com\/wp-content\/uploads\/2023\/11\/Course-a-domicile.jpg","type":"image\/jpeg"}],"twitter_card":"summary_large_image","twitter_misc":{"Tiempo de lectura":"2 minutos"},"schema":{"@context":"https:\/\/schema.org","@graph":[{"@type":"WebPage","@id":"https:\/\/www.mc-expatriation.com\/es\/vivir-en-andorra\/servicios-personales\/compras-domicilio\/","url":"https:\/\/www.mc-expatriation.com\/es\/vivir-en-andorra\/servicios-personales\/compras-domicilio\/","name":"Compras a domicilio: simplif\u00edquese la vida una vez instalado en el Principado de Andorra","isPartOf":{"@id":"https:\/\/www.mc-expatriation.com\/#website"},"primaryImageOfPage":{"@id":"https:\/\/www.mc-expatriation.com\/es\/vivir-en-andorra\/servicios-personales\/compras-domicilio\/#primaryimage"},"image":{"@id":"https:\/\/www.mc-expatriation.com\/es\/vivir-en-andorra\/servicios-personales\/compras-domicilio\/#primaryimage"},"thumbnailUrl":"https:\/\/www.mc-expatriation.com\/wp-content\/uploads\/2023\/11\/Course-a-domicile.jpg","datePublished":"2022-11-03T08:30:04+00:00","dateModified":"2023-11-14T12:29:14+00:00","breadcrumb":{"@id":"https:\/\/www.mc-expatriation.com\/es\/vivir-en-andorra\/servicios-personales\/compras-domicilio\/#breadcrumb"},"inLanguage":"es","potentialAction":[{"@type":"ReadAction","target":["https:\/\/www.mc-expatriation.com\/es\/vivir-en-andorra\/servicios-personales\/compras-domicilio\/"]}]},{"@type":"ImageObject","inLanguage":"es","@id":"https:\/\/www.mc-expatriation.com\/es\/vivir-en-andorra\/servicios-personales\/compras-domicilio\/#primaryimage","url":"https:\/\/www.mc-expatriation.com\/wp-content\/uploads\/2023\/11\/Course-a-domicile.jpg","contentUrl":"https:\/\/www.mc-expatriation.com\/wp-content\/uploads\/2023\/11\/Course-a-domicile.jpg","width":1200,"height":800,"caption":"Course \u00e0 domicile"},{"@type":"BreadcrumbList","@id":"https:\/\/www.mc-expatriation.com\/es\/vivir-en-andorra\/servicios-personales\/compras-domicilio\/#breadcrumb","itemListElement":[{"@type":"ListItem","position":1,"name":"Home","item":"https:\/\/www.mc-expatriation.com\/es\/"},{"@type":"ListItem","position":2,"name":"Vivir en Andorra: coste de la vida, inmigraci\u00f3n, seguridad y diversas informaciones necesarias","item":"https:\/\/www.mc-expatriation.com\/es\/vivir-en-andorra\/"},{"@type":"ListItem","position":3,"name":"Servicios personales en Andorra: la intervenci\u00f3n de nuestra gestor\u00eda","item":"https:\/\/www.mc-expatriation.com\/es\/vivir-en-andorra\/servicios-personales\/"},{"@type":"ListItem","position":4,"name":"Compras a domicilio: simplif\u00edquese la vida una vez instalado en el Principado de Andorra"}]},{"@type":"WebSite","@id":"https:\/\/www.mc-expatriation.com\/#website","url":"https:\/\/www.mc-expatriation.com\/","name":"MC Expatriation","description":"","publisher":{"@id":"https:\/\/www.mc-expatriation.com\/#organization"},"potentialAction":[{"@type":"SearchAction","target":{"@type":"EntryPoint","urlTemplate":"https:\/\/www.mc-expatriation.com\/?s={search_term_string}"},"query-input":{"@type":"PropertyValueSpecification","valueRequired":true,"valueName":"search_term_string"}}],"inLanguage":"es"},{"@type":"Organization","@id":"https:\/\/www.mc-expatriation.com\/#organization","name":"MC Expatriation","url":"https:\/\/www.mc-expatriation.com\/","logo":{"@type":"ImageObject","inLanguage":"es","@id":"https:\/\/www.mc-expatriation.com\/#\/schema\/logo\/image\/","url":"https:\/\/www.mc-expatriation.com\/wp-content\/uploads\/2022\/10\/logo.svg","contentUrl":"https:\/\/www.mc-expatriation.com\/wp-content\/uploads\/2022\/10\/logo.svg","caption":"MC Expatriation"},"image":{"@id":"https:\/\/www.mc-expatriation.com\/#\/schema\/logo\/image\/"}}]}},"_links":{"self":[{"href":"https:\/\/www.mc-expatriation.com\/es\/wp-json\/wp\/v2\/pages\/5220","targetHints":{"allow":["GET"]}}],"collection":[{"href":"https:\/\/www.mc-expatriation.com\/es\/wp-json\/wp\/v2\/pages"}],"about":[{"href":"https:\/\/www.mc-expatriation.com\/es\/wp-json\/wp\/v2\/types\/page"}],"author":[{"embeddable":true,"href":"https:\/\/www.mc-expatriation.com\/es\/wp-json\/wp\/v2\/users\/1"}],"replies":[{"embeddable":true,"href":"https:\/\/www.mc-expatriation.com\/es\/wp-json\/wp\/v2\/comments?post=5220"}],"version-history":[{"count":3,"href":"https:\/\/www.mc-expatriation.com\/es\/wp-json\/wp\/v2\/pages\/5220\/revisions"}],"predecessor-version":[{"id":5223,"href":"https:\/\/www.mc-expatriation.com\/es\/wp-json\/wp\/v2\/pages\/5220\/revisions\/5223"}],"up":[{"embeddable":true,"href":"https:\/\/www.mc-expatriation.com\/es\/wp-json\/wp\/v2\/pages\/5064"}],"wp:featuredmedia":[{"embeddable":true,"href":"https:\/\/www.mc-expatriation.com\/es\/wp-json\/wp\/v2\/media\/5211"}],"wp:attachment":[{"href":"https:\/\/www.mc-expatriation.com\/es\/wp-json\/wp\/v2\/media?parent=5220"}],"curies":[{"name":"wp","href":"https:\/\/api.w.org\/{rel}","templated":true}]}}