{"id":5240,"date":"2022-11-03T08:30:22","date_gmt":"2022-11-03T08:30:22","guid":{"rendered":"https:\/\/www.mc-expatriation.com\/?page_id=5240"},"modified":"2023-11-14T12:48:12","modified_gmt":"2023-11-14T12:48:12","slug":"arquitecto-decorador","status":"publish","type":"page","link":"https:\/\/www.mc-expatriation.com\/es\/vivir-en-andorra\/servicios-personales\/arquitecto-decorador\/","title":{"rendered":"Encontrar y contratar al dise\u00f1ador de interiores a la altura de sus exigencias en Andorra"},"content":{"rendered":"\n<p>Al instalarse en este pa\u00eds situado entre Francia y Espa\u00f1a, es posible que haya comprado una vivienda. Si lo desea, puede renovarla a su gusto. Para ello, una opci\u00f3n es contratar a un decorador interiorista competente. \u00bfC\u00f3mo encontrarlo? Nuestra Gestor\u00eda le ayudar\u00e1 con todos los detalles.\u00a0<\/p>\n\n\n\n<h2 class=\"wp-block-heading\" id=\"h-un-profesional-que-se-encargue-del-rediseno-de-su-interior-nbsp\">Un profesional que se encargue del redise\u00f1o de su interior&nbsp;<\/h2>\n\n\n\n<p>En los \u00faltimos a\u00f1os, Andorra se ha convertido en un pa\u00eds muy deseado por personas de todo el mundo; un inter\u00e9s de gente de muchas nacionalidades, no s\u00f3lo de franceses, belgas o espa\u00f1oles. Esto es debido, entre otras cosas, a su clima, su ventajoso sistema fiscal, su seguridad y su sistema sanitario. Por eso no es de extra\u00f1ar que muchos extranjeros elijan este pa\u00eds como su hogar y decidan establecer aqu\u00ed un negocio.<\/p>\n\n\n\n<h3 class=\"wp-block-heading\" id=\"h-deje-que-un-experto-redisene-su-vivienda-nbsp\">Deje que un experto redise\u00f1e su vivienda&nbsp;<\/h3>\n\n\n\n<p>Si usted&nbsp; ha comprado una casa o piso en Andorra y quiere actualizarlo, es una buena idea recurrir a un dise\u00f1ador de interiores. Como ese profesional posee las competencias necesarias para este trabajo, podr\u00e1 dar forma a su proyecto. Sobre todo porque Used a\u00fan no tiene todas las referencias necesarias una vez instalado en su nuevo pa\u00eds de residencia.&nbsp;<\/p>\n\n\n\n<p>A un arquitecto de interiores podr\u00e1 encargarle:&nbsp;<\/p>\n\n\n\n<ul class=\"wp-block-list\">\n<li>La reorganizaci\u00f3n de los espacios interiores (creaci\u00f3n de particiones, coordinaci\u00f3n de materiales, etc.);<\/li>\n\n\n\n<li>Una mejora de los espacios de almacenamiento;<\/li>\n\n\n\n<li>Optimizaci\u00f3n de los vol\u00famenes de cada una de las habitaciones;\u00a0<\/li>\n\n\n\n<li>El esquema de color para que quede en perfecta armon\u00eda con su decoraci\u00f3n, etc.<\/li>\n<\/ul>\n\n\n\n<p>A diferencia de un simple decorador de interiores, un arquitecto de interiores tiene la capacidad de replantear la ergonom\u00eda del espacio. Durante su intervenci\u00f3n, iniciar\u00e1 los trabajos necesarios.<\/p>\n","protected":false},"excerpt":{"rendered":"<p>Al instalarse en este pa\u00eds situado entre Francia y Espa\u00f1a, es posible que haya comprado una vivienda. Si lo desea, puede renovarla a su gusto. Para ello, una opci\u00f3n es contratar a un decorador interiorista competente. \u00bfC\u00f3mo encontrarlo? Nuestra Gestor\u00eda le ayudar\u00e1 con todos los detalles.\u00a0 Un profesional que se encargue del redise\u00f1o de su [&hellip;]<\/p>\n","protected":false},"author":1,"featured_media":5234,"parent":5064,"menu_order":0,"comment_status":"closed","ping_status":"closed","template":"niveau-3.php","meta":{"_acf_changed":false,"footnotes":""},"class_list":["post-5240","page","type-page","status-publish","has-post-thumbnail","hentry"],"acf":[],"yoast_head":"<!-- This site is optimized with the Yoast SEO Premium plugin v25.8 (Yoast SEO v27.3) - https:\/\/yoast.com\/product\/yoast-seo-premium-wordpress\/ -->\n<title>Encontrar y contratar al dise\u00f1ador de interiores a la altura de sus exigencias en Andorra<\/title>\n<meta name=\"robots\" content=\"index, follow, max-snippet:-1, max-image-preview:large, max-video-preview:-1\" \/>\n<link rel=\"canonical\" href=\"https:\/\/www.mc-expatriation.com\/es\/vivir-en-andorra\/servicios-personales\/arquitecto-decorador\/\" \/>\n<meta property=\"og:locale\" content=\"es_ES\" \/>\n<meta property=\"og:type\" content=\"article\" \/>\n<meta property=\"og:title\" content=\"Encontrar y contratar al dise\u00f1ador de interiores a la altura de sus exigencias en Andorra\" \/>\n<meta property=\"og:description\" content=\"Al instalarse en este pa\u00eds situado entre Francia y Espa\u00f1a, es posible que haya comprado una vivienda. Si lo desea, puede renovarla a su gusto. Para ello, una opci\u00f3n es contratar a un decorador interiorista competente. \u00bfC\u00f3mo encontrarlo? Nuestra Gestor\u00eda le ayudar\u00e1 con todos los detalles.\u00a0 Un profesional que se encargue del redise\u00f1o de su [&hellip;]\" \/>\n<meta property=\"og:url\" content=\"https:\/\/www.mc-expatriation.com\/es\/vivir-en-andorra\/servicios-personales\/arquitecto-decorador\/\" \/>\n<meta property=\"og:site_name\" content=\"MC Expatriation\" \/>\n<meta property=\"article:modified_time\" content=\"2023-11-14T12:48:12+00:00\" \/>\n<meta property=\"og:image\" content=\"https:\/\/www.mc-expatriation.com\/wp-content\/uploads\/2023\/11\/architecte-dinterieur.jpg\" \/>\n\t<meta property=\"og:image:width\" content=\"1200\" \/>\n\t<meta property=\"og:image:height\" content=\"800\" \/>\n\t<meta property=\"og:image:type\" content=\"image\/jpeg\" \/>\n<meta name=\"twitter:card\" content=\"summary_large_image\" \/>\n<meta name=\"twitter:label1\" content=\"Tiempo de lectura\" \/>\n\t<meta name=\"twitter:data1\" content=\"2 minutos\" \/>\n<script type=\"application\/ld+json\" class=\"yoast-schema-graph\">{\"@context\":\"https:\\\/\\\/schema.org\",\"@graph\":[{\"@type\":\"WebPage\",\"@id\":\"https:\\\/\\\/www.mc-expatriation.com\\\/es\\\/vivir-en-andorra\\\/servicios-personales\\\/arquitecto-decorador\\\/\",\"url\":\"https:\\\/\\\/www.mc-expatriation.com\\\/es\\\/vivir-en-andorra\\\/servicios-personales\\\/arquitecto-decorador\\\/\",\"name\":\"Encontrar y contratar al dise\u00f1ador de interiores a la altura de sus exigencias en Andorra\",\"isPartOf\":{\"@id\":\"https:\\\/\\\/www.mc-expatriation.com\\\/#website\"},\"primaryImageOfPage\":{\"@id\":\"https:\\\/\\\/www.mc-expatriation.com\\\/es\\\/vivir-en-andorra\\\/servicios-personales\\\/arquitecto-decorador\\\/#primaryimage\"},\"image\":{\"@id\":\"https:\\\/\\\/www.mc-expatriation.com\\\/es\\\/vivir-en-andorra\\\/servicios-personales\\\/arquitecto-decorador\\\/#primaryimage\"},\"thumbnailUrl\":\"https:\\\/\\\/www.mc-expatriation.com\\\/wp-content\\\/uploads\\\/2023\\\/11\\\/architecte-dinterieur.jpg\",\"datePublished\":\"2022-11-03T08:30:22+00:00\",\"dateModified\":\"2023-11-14T12:48:12+00:00\",\"breadcrumb\":{\"@id\":\"https:\\\/\\\/www.mc-expatriation.com\\\/es\\\/vivir-en-andorra\\\/servicios-personales\\\/arquitecto-decorador\\\/#breadcrumb\"},\"inLanguage\":\"es\",\"potentialAction\":[{\"@type\":\"ReadAction\",\"target\":[\"https:\\\/\\\/www.mc-expatriation.com\\\/es\\\/vivir-en-andorra\\\/servicios-personales\\\/arquitecto-decorador\\\/\"]}]},{\"@type\":\"ImageObject\",\"inLanguage\":\"es\",\"@id\":\"https:\\\/\\\/www.mc-expatriation.com\\\/es\\\/vivir-en-andorra\\\/servicios-personales\\\/arquitecto-decorador\\\/#primaryimage\",\"url\":\"https:\\\/\\\/www.mc-expatriation.com\\\/wp-content\\\/uploads\\\/2023\\\/11\\\/architecte-dinterieur.jpg\",\"contentUrl\":\"https:\\\/\\\/www.mc-expatriation.com\\\/wp-content\\\/uploads\\\/2023\\\/11\\\/architecte-dinterieur.jpg\",\"width\":1200,\"height\":800,\"caption\":\"architecte d\u2019int\u00e9rieur\"},{\"@type\":\"BreadcrumbList\",\"@id\":\"https:\\\/\\\/www.mc-expatriation.com\\\/es\\\/vivir-en-andorra\\\/servicios-personales\\\/arquitecto-decorador\\\/#breadcrumb\",\"itemListElement\":[{\"@type\":\"ListItem\",\"position\":1,\"name\":\"Home\",\"item\":\"https:\\\/\\\/www.mc-expatriation.com\\\/es\\\/\"},{\"@type\":\"ListItem\",\"position\":2,\"name\":\"Vivir en Andorra: coste de la vida, inmigraci\u00f3n, seguridad y diversas informaciones necesarias\",\"item\":\"https:\\\/\\\/www.mc-expatriation.com\\\/es\\\/vivir-en-andorra\\\/\"},{\"@type\":\"ListItem\",\"position\":3,\"name\":\"Servicios personales en Andorra: la intervenci\u00f3n de nuestra gestor\u00eda\",\"item\":\"https:\\\/\\\/www.mc-expatriation.com\\\/es\\\/vivir-en-andorra\\\/servicios-personales\\\/\"},{\"@type\":\"ListItem\",\"position\":4,\"name\":\"Encontrar y contratar al dise\u00f1ador de interiores a la altura de sus exigencias en Andorra\"}]},{\"@type\":\"WebSite\",\"@id\":\"https:\\\/\\\/www.mc-expatriation.com\\\/#website\",\"url\":\"https:\\\/\\\/www.mc-expatriation.com\\\/\",\"name\":\"MC Expatriation\",\"description\":\"\",\"publisher\":{\"@id\":\"https:\\\/\\\/www.mc-expatriation.com\\\/#organization\"},\"potentialAction\":[{\"@type\":\"SearchAction\",\"target\":{\"@type\":\"EntryPoint\",\"urlTemplate\":\"https:\\\/\\\/www.mc-expatriation.com\\\/?s={search_term_string}\"},\"query-input\":{\"@type\":\"PropertyValueSpecification\",\"valueRequired\":true,\"valueName\":\"search_term_string\"}}],\"inLanguage\":\"es\"},{\"@type\":\"Organization\",\"@id\":\"https:\\\/\\\/www.mc-expatriation.com\\\/#organization\",\"name\":\"MC Expatriation\",\"url\":\"https:\\\/\\\/www.mc-expatriation.com\\\/\",\"logo\":{\"@type\":\"ImageObject\",\"inLanguage\":\"es\",\"@id\":\"https:\\\/\\\/www.mc-expatriation.com\\\/#\\\/schema\\\/logo\\\/image\\\/\",\"url\":\"https:\\\/\\\/www.mc-expatriation.com\\\/wp-content\\\/uploads\\\/2022\\\/10\\\/logo.svg\",\"contentUrl\":\"https:\\\/\\\/www.mc-expatriation.com\\\/wp-content\\\/uploads\\\/2022\\\/10\\\/logo.svg\",\"caption\":\"MC Expatriation\"},\"image\":{\"@id\":\"https:\\\/\\\/www.mc-expatriation.com\\\/#\\\/schema\\\/logo\\\/image\\\/\"}}]}<\/script>\n<!-- \/ Yoast SEO Premium plugin. -->","yoast_head_json":{"title":"Encontrar y contratar al dise\u00f1ador de interiores a la altura de sus exigencias en Andorra","robots":{"index":"index","follow":"follow","max-snippet":"max-snippet:-1","max-image-preview":"max-image-preview:large","max-video-preview":"max-video-preview:-1"},"canonical":"https:\/\/www.mc-expatriation.com\/es\/vivir-en-andorra\/servicios-personales\/arquitecto-decorador\/","og_locale":"es_ES","og_type":"article","og_title":"Encontrar y contratar al dise\u00f1ador de interiores a la altura de sus exigencias en Andorra","og_description":"Al instalarse en este pa\u00eds situado entre Francia y Espa\u00f1a, es posible que haya comprado una vivienda. Si lo desea, puede renovarla a su gusto. Para ello, una opci\u00f3n es contratar a un decorador interiorista competente. \u00bfC\u00f3mo encontrarlo? Nuestra Gestor\u00eda le ayudar\u00e1 con todos los detalles.\u00a0 Un profesional que se encargue del redise\u00f1o de su [&hellip;]","og_url":"https:\/\/www.mc-expatriation.com\/es\/vivir-en-andorra\/servicios-personales\/arquitecto-decorador\/","og_site_name":"MC Expatriation","article_modified_time":"2023-11-14T12:48:12+00:00","og_image":[{"width":1200,"height":800,"url":"https:\/\/www.mc-expatriation.com\/wp-content\/uploads\/2023\/11\/architecte-dinterieur.jpg","type":"image\/jpeg"}],"twitter_card":"summary_large_image","twitter_misc":{"Tiempo de lectura":"2 minutos"},"schema":{"@context":"https:\/\/schema.org","@graph":[{"@type":"WebPage","@id":"https:\/\/www.mc-expatriation.com\/es\/vivir-en-andorra\/servicios-personales\/arquitecto-decorador\/","url":"https:\/\/www.mc-expatriation.com\/es\/vivir-en-andorra\/servicios-personales\/arquitecto-decorador\/","name":"Encontrar y contratar al dise\u00f1ador de interiores a la altura de sus exigencias en Andorra","isPartOf":{"@id":"https:\/\/www.mc-expatriation.com\/#website"},"primaryImageOfPage":{"@id":"https:\/\/www.mc-expatriation.com\/es\/vivir-en-andorra\/servicios-personales\/arquitecto-decorador\/#primaryimage"},"image":{"@id":"https:\/\/www.mc-expatriation.com\/es\/vivir-en-andorra\/servicios-personales\/arquitecto-decorador\/#primaryimage"},"thumbnailUrl":"https:\/\/www.mc-expatriation.com\/wp-content\/uploads\/2023\/11\/architecte-dinterieur.jpg","datePublished":"2022-11-03T08:30:22+00:00","dateModified":"2023-11-14T12:48:12+00:00","breadcrumb":{"@id":"https:\/\/www.mc-expatriation.com\/es\/vivir-en-andorra\/servicios-personales\/arquitecto-decorador\/#breadcrumb"},"inLanguage":"es","potentialAction":[{"@type":"ReadAction","target":["https:\/\/www.mc-expatriation.com\/es\/vivir-en-andorra\/servicios-personales\/arquitecto-decorador\/"]}]},{"@type":"ImageObject","inLanguage":"es","@id":"https:\/\/www.mc-expatriation.com\/es\/vivir-en-andorra\/servicios-personales\/arquitecto-decorador\/#primaryimage","url":"https:\/\/www.mc-expatriation.com\/wp-content\/uploads\/2023\/11\/architecte-dinterieur.jpg","contentUrl":"https:\/\/www.mc-expatriation.com\/wp-content\/uploads\/2023\/11\/architecte-dinterieur.jpg","width":1200,"height":800,"caption":"architecte d\u2019int\u00e9rieur"},{"@type":"BreadcrumbList","@id":"https:\/\/www.mc-expatriation.com\/es\/vivir-en-andorra\/servicios-personales\/arquitecto-decorador\/#breadcrumb","itemListElement":[{"@type":"ListItem","position":1,"name":"Home","item":"https:\/\/www.mc-expatriation.com\/es\/"},{"@type":"ListItem","position":2,"name":"Vivir en Andorra: coste de la vida, inmigraci\u00f3n, seguridad y diversas informaciones necesarias","item":"https:\/\/www.mc-expatriation.com\/es\/vivir-en-andorra\/"},{"@type":"ListItem","position":3,"name":"Servicios personales en Andorra: la intervenci\u00f3n de nuestra gestor\u00eda","item":"https:\/\/www.mc-expatriation.com\/es\/vivir-en-andorra\/servicios-personales\/"},{"@type":"ListItem","position":4,"name":"Encontrar y contratar al dise\u00f1ador de interiores a la altura de sus exigencias en Andorra"}]},{"@type":"WebSite","@id":"https:\/\/www.mc-expatriation.com\/#website","url":"https:\/\/www.mc-expatriation.com\/","name":"MC Expatriation","description":"","publisher":{"@id":"https:\/\/www.mc-expatriation.com\/#organization"},"potentialAction":[{"@type":"SearchAction","target":{"@type":"EntryPoint","urlTemplate":"https:\/\/www.mc-expatriation.com\/?s={search_term_string}"},"query-input":{"@type":"PropertyValueSpecification","valueRequired":true,"valueName":"search_term_string"}}],"inLanguage":"es"},{"@type":"Organization","@id":"https:\/\/www.mc-expatriation.com\/#organization","name":"MC Expatriation","url":"https:\/\/www.mc-expatriation.com\/","logo":{"@type":"ImageObject","inLanguage":"es","@id":"https:\/\/www.mc-expatriation.com\/#\/schema\/logo\/image\/","url":"https:\/\/www.mc-expatriation.com\/wp-content\/uploads\/2022\/10\/logo.svg","contentUrl":"https:\/\/www.mc-expatriation.com\/wp-content\/uploads\/2022\/10\/logo.svg","caption":"MC Expatriation"},"image":{"@id":"https:\/\/www.mc-expatriation.com\/#\/schema\/logo\/image\/"}}]}},"_links":{"self":[{"href":"https:\/\/www.mc-expatriation.com\/es\/wp-json\/wp\/v2\/pages\/5240","targetHints":{"allow":["GET"]}}],"collection":[{"href":"https:\/\/www.mc-expatriation.com\/es\/wp-json\/wp\/v2\/pages"}],"about":[{"href":"https:\/\/www.mc-expatriation.com\/es\/wp-json\/wp\/v2\/types\/page"}],"author":[{"embeddable":true,"href":"https:\/\/www.mc-expatriation.com\/es\/wp-json\/wp\/v2\/users\/1"}],"replies":[{"embeddable":true,"href":"https:\/\/www.mc-expatriation.com\/es\/wp-json\/wp\/v2\/comments?post=5240"}],"version-history":[{"count":4,"href":"https:\/\/www.mc-expatriation.com\/es\/wp-json\/wp\/v2\/pages\/5240\/revisions"}],"predecessor-version":[{"id":5244,"href":"https:\/\/www.mc-expatriation.com\/es\/wp-json\/wp\/v2\/pages\/5240\/revisions\/5244"}],"up":[{"embeddable":true,"href":"https:\/\/www.mc-expatriation.com\/es\/wp-json\/wp\/v2\/pages\/5064"}],"wp:featuredmedia":[{"embeddable":true,"href":"https:\/\/www.mc-expatriation.com\/es\/wp-json\/wp\/v2\/media\/5234"}],"wp:attachment":[{"href":"https:\/\/www.mc-expatriation.com\/es\/wp-json\/wp\/v2\/media?parent=5240"}],"curies":[{"name":"wp","href":"https:\/\/api.w.org\/{rel}","templated":true}]}}